{"id":849,"date":"2022-05-30T07:27:35","date_gmt":"2022-05-30T07:27:35","guid":{"rendered":"https:\/\/relaunch.eis-group.de\/?page_id=849"},"modified":"2026-02-06T07:42:54","modified_gmt":"2026-02-06T07:42:54","slug":"allgemeine-geschaeftsbedingungen","status":"publish","type":"page","link":"https:\/\/eis-group.de\/en\/allgemeine-geschaeftsbedingungen","title":{"rendered":"General terms and conditions"},"content":{"rendered":"<div data-elementor-type=\"wp-page\" data-elementor-id=\"849\" class=\"elementor elementor-849\" data-elementor-post-type=\"page\">\n\t\t\t\t\t\t<section class=\"elementor-section elementor-top-section elementor-element elementor-element-218002f elementor-section-boxed elementor-section-height-default elementor-section-height-default\" data-id=\"218002f\" data-element_type=\"section\" data-e-type=\"section\" data-settings=\"{&quot;background_background&quot;:&quot;classic&quot;}\">\n\t\t\t\t\t\t<div class=\"elementor-container elementor-column-gap-default\">\n\t\t\t\t\t<div class=\"elementor-column elementor-col-100 elementor-top-column elementor-element elementor-element-d35df24\" data-id=\"d35df24\" data-element_type=\"column\" data-e-type=\"column\">\n\t\t\t<div class=\"elementor-widget-wrap elementor-element-populated\">\n\t\t\t\t\t\t<div class=\"elementor-element elementor-element-9a840ad elementor-widget elementor-widget-heading\" data-id=\"9a840ad\" data-element_type=\"widget\" data-e-type=\"widget\" data-widget_type=\"heading.default\">\n\t\t\t\t<div class=\"elementor-widget-container\">\n\t\t\t\t\t<h2 class=\"elementor-heading-title elementor-size-default\">Terms &amp; Conditions<\/h2>\t\t\t\t<\/div>\n\t\t\t\t<\/div>\n\t\t\t\t\t<\/div>\n\t\t<\/div>\n\t\t\t\t\t<\/div>\n\t\t<\/section>\n\t\t\t\t<section class=\"elementor-section elementor-top-section elementor-element elementor-element-d2f2724 elementor-section-full_width elementor-section-height-default elementor-section-height-default\" data-id=\"d2f2724\" data-element_type=\"section\" data-e-type=\"section\" data-settings=\"{&quot;background_background&quot;:&quot;classic&quot;}\">\n\t\t\t\t\t\t<div class=\"elementor-container elementor-column-gap-default\">\n\t\t\t\t\t<div class=\"elementor-column elementor-col-100 elementor-top-column elementor-element elementor-element-622439a\" data-id=\"622439a\" data-element_type=\"column\" data-e-type=\"column\" data-settings=\"{&quot;background_background&quot;:&quot;classic&quot;}\">\n\t\t\t<div class=\"elementor-widget-wrap elementor-element-populated\">\n\t\t\t\t\t\t<div class=\"elementor-element elementor-element-830e9c6 elementor-widget elementor-widget-heading\" data-id=\"830e9c6\" data-element_type=\"widget\" data-e-type=\"widget\" data-widget_type=\"heading.default\">\n\t\t\t\t<div class=\"elementor-widget-container\">\n\t\t\t\t\t<h2 class=\"elementor-heading-title elementor-size-default\"><a href=\"https:\/\/eis-group.de\/en\/agb\/\" target=\"_blank\">&gt; Allgemeine Gesch\u00e4ftsbedingungen<\/a><\/h2>\t\t\t\t<\/div>\n\t\t\t\t<\/div>\n\t\t\t\t\t<\/div>\n\t\t<\/div>\n\t\t\t\t\t<\/div>\n\t\t<\/section>\n\t\t\t\t<section class=\"elementor-section elementor-top-section elementor-element elementor-element-8a51921 elementor-section-full_width elementor-section-height-default elementor-section-height-default\" data-id=\"8a51921\" data-element_type=\"section\" data-e-type=\"section\">\n\t\t\t\t\t\t<div class=\"elementor-container elementor-column-gap-default\">\n\t\t\t\t\t<div class=\"elementor-column elementor-col-100 elementor-top-column elementor-element elementor-element-4d506aa\" data-id=\"4d506aa\" data-element_type=\"column\" data-e-type=\"column\" data-settings=\"{&quot;background_background&quot;:&quot;classic&quot;}\">\n\t\t\t<div class=\"elementor-widget-wrap elementor-element-populated\">\n\t\t\t\t\t\t<div class=\"elementor-element elementor-element-ce8c161 elementor-widget elementor-widget-heading\" data-id=\"ce8c161\" data-element_type=\"widget\" data-e-type=\"widget\" data-widget_type=\"heading.default\">\n\t\t\t\t<div class=\"elementor-widget-container\">\n\t\t\t\t\t<h2 class=\"elementor-heading-title elementor-size-default\"><a href=\"https:\/\/eis-group.de\/wp-content\/uploads\/2024\/08\/VA-QA-037-Quality-Guidelines-for-Suppliers-Rev04_signed-LBA.pdf\" target=\"_blank\">&gt; General quality guidelines to suppliers<\/a><\/h2>\t\t\t\t<\/div>\n\t\t\t\t<\/div>\n\t\t\t\t\t<\/div>\n\t\t<\/div>\n\t\t\t\t\t<\/div>\n\t\t<\/section>\n\t\t\t\t<section class=\"elementor-section elementor-top-section elementor-element elementor-element-ff4fb30 elementor-section-boxed elementor-section-height-default elementor-section-height-default\" data-id=\"ff4fb30\" data-element_type=\"section\" data-e-type=\"section\">\n\t\t\t\t\t\t<div class=\"elementor-container elementor-column-gap-default\">\n\t\t\t\t\t<div class=\"elementor-column elementor-col-100 elementor-top-column elementor-element elementor-element-66de52c\" data-id=\"66de52c\" data-element_type=\"column\" data-e-type=\"column\" data-settings=\"{&quot;background_background&quot;:&quot;classic&quot;}\">\n\t\t\t<div class=\"elementor-widget-wrap elementor-element-populated\">\n\t\t\t\t\t\t<div class=\"elementor-element elementor-element-b7a42ed elementor-widget elementor-widget-heading\" data-id=\"b7a42ed\" data-element_type=\"widget\" data-e-type=\"widget\" data-widget_type=\"heading.default\">\n\t\t\t\t<div class=\"elementor-widget-container\">\n\t\t\t\t\t<h2 class=\"elementor-heading-title elementor-size-default\"><a href=\"https:\/\/eis-group.de\/en\/verkaufsbedingungen\/\" target=\"_blank\">&gt; General terms of sale and delivery of plastic industry<\/a><\/h2>\t\t\t\t<\/div>\n\t\t\t\t<\/div>\n\t\t\t\t\t<\/div>\n\t\t<\/div>\n\t\t\t\t\t<\/div>\n\t\t<\/section>\n\t\t\t\t<section class=\"elementor-section elementor-top-section elementor-element elementor-element-22a5460 elementor-section-boxed elementor-section-height-default elementor-section-height-default\" data-id=\"22a5460\" data-element_type=\"section\" data-e-type=\"section\">\n\t\t\t\t\t\t<div class=\"elementor-container elementor-column-gap-default\">\n\t\t\t\t\t<div class=\"elementor-column elementor-col-100 elementor-top-column elementor-element elementor-element-07727af\" data-id=\"07727af\" data-element_type=\"column\" data-e-type=\"column\" data-settings=\"{&quot;background_background&quot;:&quot;classic&quot;}\">\n\t\t\t<div class=\"elementor-widget-wrap elementor-element-populated\">\n\t\t\t\t\t\t<div class=\"elementor-element elementor-element-503276e elementor-widget elementor-widget-heading\" data-id=\"503276e\" data-element_type=\"widget\" data-e-type=\"widget\" data-widget_type=\"heading.default\">\n\t\t\t\t<div class=\"elementor-widget-container\">\n\t\t\t\t\t<h2 class=\"elementor-heading-title elementor-size-default\"><a href=\"https:\/\/eis-group.de\/en\/einkaufsbedingungen\/\" target=\"_blank\">&gt; Allgemeine Einkaufsbedingungen<\/a><\/h2>\t\t\t\t<\/div>\n\t\t\t\t<\/div>\n\t\t\t\t\t<\/div>\n\t\t<\/div>\n\t\t\t\t\t<\/div>\n\t\t<\/section>\n\t\t\t\t<\/div>","protected":false},"excerpt":{"rendered":"<p>Gesch\u00e4ftsbedingungen &gt; Allgemeine Gesch\u00e4ftsbedingungen &gt; Allgemeine Qualit\u00e4tsrichtlinien an Lieferanten &gt; Allgemeine Verkaufs- und Lieferbedingungen der kunststoffverarbeitenden Industrie &gt; Allgemeine Einkaufsbedingungen<\/p>","protected":false},"author":1,"featured_media":0,"parent":0,"menu_order":0,"comment_status":"closed","ping_status":"closed","template":"","meta":{"inline_featured_image":false,"footnotes":""},"class_list":["post-849","page","type-page","status-publish","hentry"],"yoast_head":"<!-- This site is optimized with the Yoast SEO plugin v27.3 - https:\/\/yoast.com\/product\/yoast-seo-wordpress\/ -->\n<title>Allgemeine Gesch\u00e4ftsbedingungen - DEMGY EIS GmbH<\/title>\n<meta name=\"robots\" content=\"index, follow, max-snippet:-1, max-image-preview:large, max-video-preview:-1\" \/>\n<link rel=\"canonical\" href=\"https:\/\/eis-group.de\/en\/allgemeine-geschaeftsbedingungen\/\" \/>\n<meta property=\"og:locale\" content=\"en_US\" \/>\n<meta property=\"og:type\" content=\"article\" \/>\n<meta property=\"og:title\" content=\"Allgemeine Gesch\u00e4ftsbedingungen - DEMGY EIS GmbH\" \/>\n<meta property=\"og:description\" content=\"Gesch\u00e4ftsbedingungen &gt; Allgemeine Gesch\u00e4ftsbedingungen &gt; Allgemeine Qualit\u00e4tsrichtlinien an Lieferanten &gt; Allgemeine Verkaufs- und Lieferbedingungen der kunststoffverarbeitenden Industrie &gt; Allgemeine Einkaufsbedingungen\" \/>\n<meta property=\"og:url\" content=\"https:\/\/eis-group.de\/en\/allgemeine-geschaeftsbedingungen\/\" \/>\n<meta property=\"og:site_name\" content=\"DEMGY EIS GmbH\" \/>\n<meta property=\"article:modified_time\" content=\"2026-02-06T07:42:54+00:00\" \/>\n<meta name=\"twitter:card\" content=\"summary_large_image\" \/>\n<meta name=\"twitter:label1\" content=\"Est. reading time\" \/>\n\t<meta name=\"twitter:data1\" content=\"1 minute\" \/>\n<!-- \/ Yoast SEO plugin. -->","yoast_head_json":{"title":"Allgemeine Gesch\u00e4ftsbedingungen - DEMGY EIS GmbH","robots":{"index":"index","follow":"follow","max-snippet":"max-snippet:-1","max-image-preview":"max-image-preview:large","max-video-preview":"max-video-preview:-1"},"canonical":"https:\/\/eis-group.de\/en\/allgemeine-geschaeftsbedingungen\/","og_locale":"en_US","og_type":"article","og_title":"Allgemeine Gesch\u00e4ftsbedingungen - DEMGY EIS GmbH","og_description":"Gesch\u00e4ftsbedingungen &gt; Allgemeine Gesch\u00e4ftsbedingungen &gt; Allgemeine Qualit\u00e4tsrichtlinien an Lieferanten &gt; Allgemeine Verkaufs- und Lieferbedingungen der kunststoffverarbeitenden Industrie &gt; Allgemeine Einkaufsbedingungen","og_url":"https:\/\/eis-group.de\/en\/allgemeine-geschaeftsbedingungen\/","og_site_name":"DEMGY EIS GmbH","article_modified_time":"2026-02-06T07:42:54+00:00","twitter_card":"summary_large_image","twitter_misc":{"Est. reading time":"1 minute"},"schema":{"@context":"https:\/\/schema.org","@graph":[{"@type":"WebPage","@id":"https:\/\/eis-group.de\/allgemeine-geschaeftsbedingungen","url":"https:\/\/eis-group.de\/allgemeine-geschaeftsbedingungen","name":"Allgemeine Gesch\u00e4ftsbedingungen - DEMGY EIS GmbH","isPartOf":{"@id":"https:\/\/eis-group.de\/#website"},"datePublished":"2022-05-30T07:27:35+00:00","dateModified":"2026-02-06T07:42:54+00:00","breadcrumb":{"@id":"https:\/\/eis-group.de\/allgemeine-geschaeftsbedingungen#breadcrumb"},"inLanguage":"en-US","potentialAction":[{"@type":"ReadAction","target":["https:\/\/eis-group.de\/allgemeine-geschaeftsbedingungen"]}]},{"@type":"BreadcrumbList","@id":"https:\/\/eis-group.de\/allgemeine-geschaeftsbedingungen#breadcrumb","itemListElement":[{"@type":"ListItem","position":1,"name":"Startseite","item":"https:\/\/eis-group.de\/"},{"@type":"ListItem","position":2,"name":"Allgemeine Gesch\u00e4ftsbedingungen"}]},{"@type":"WebSite","@id":"https:\/\/eis-group.de\/#website","url":"https:\/\/eis-group.de\/","name":"DEMGY EIS","description":"Ein Unternehmen der DEMGY Group","publisher":{"@id":"https:\/\/eis-group.de\/#organization"},"potentialAction":[{"@type":"SearchAction","target":{"@type":"EntryPoint","urlTemplate":"https:\/\/eis-group.de\/?s={search_term_string}"},"query-input":{"@type":"PropertyValueSpecification","valueRequired":true,"valueName":"search_term_string"}}],"inLanguage":"en-US"},{"@type":"Organization","@id":"https:\/\/eis-group.de\/#organization","name":"DEMGY EIS","url":"https:\/\/eis-group.de\/","logo":{"@type":"ImageObject","inLanguage":"en-US","@id":"https:\/\/eis-group.de\/#\/schema\/logo\/image\/","url":"https:\/\/eis-group.de\/wp-content\/uploads\/2022\/04\/DEMGY_LOGOTYPE_AVEC-BASELINE-1.png","contentUrl":"https:\/\/eis-group.de\/wp-content\/uploads\/2022\/04\/DEMGY_LOGOTYPE_AVEC-BASELINE-1.png","width":4725,"height":2363,"caption":"DEMGY EIS"},"image":{"@id":"https:\/\/eis-group.de\/#\/schema\/logo\/image\/"}}]}},"_links":{"self":[{"href":"https:\/\/eis-group.de\/en\/wp-json\/wp\/v2\/pages\/849","targetHints":{"allow":["GET"]}}],"collection":[{"href":"https:\/\/eis-group.de\/en\/wp-json\/wp\/v2\/pages"}],"about":[{"href":"https:\/\/eis-group.de\/en\/wp-json\/wp\/v2\/types\/page"}],"author":[{"embeddable":true,"href":"https:\/\/eis-group.de\/en\/wp-json\/wp\/v2\/users\/1"}],"replies":[{"embeddable":true,"href":"https:\/\/eis-group.de\/en\/wp-json\/wp\/v2\/comments?post=849"}],"version-history":[{"count":49,"href":"https:\/\/eis-group.de\/en\/wp-json\/wp\/v2\/pages\/849\/revisions"}],"predecessor-version":[{"id":3677,"href":"https:\/\/eis-group.de\/en\/wp-json\/wp\/v2\/pages\/849\/revisions\/3677"}],"wp:attachment":[{"href":"https:\/\/eis-group.de\/en\/wp-json\/wp\/v2\/media?parent=849"}],"curies":[{"name":"wp","href":"https:\/\/api.w.org\/{rel}","templated":true}]}}