{"id":843,"date":"2022-05-30T07:24:25","date_gmt":"2022-05-30T07:24:25","guid":{"rendered":"https:\/\/relaunch.eis-group.de\/?page_id=843"},"modified":"2024-06-05T12:03:55","modified_gmt":"2024-06-05T12:03:55","slug":"impressum","status":"publish","type":"page","link":"https:\/\/eis-group.de\/en\/impressum","title":{"rendered":"Imprint"},"content":{"rendered":"<div data-elementor-type=\"wp-page\" data-elementor-id=\"843\" class=\"elementor elementor-843\" data-elementor-post-type=\"page\">\n\t\t\t\t\t\t<section class=\"elementor-section elementor-top-section elementor-element elementor-element-218002f elementor-section-boxed elementor-section-height-default elementor-section-height-default\" data-id=\"218002f\" data-element_type=\"section\" data-e-type=\"section\">\n\t\t\t\t\t\t<div class=\"elementor-container elementor-column-gap-default\">\n\t\t\t\t\t<div class=\"elementor-column elementor-col-100 elementor-top-column elementor-element elementor-element-d35df24\" data-id=\"d35df24\" data-element_type=\"column\" data-e-type=\"column\">\n\t\t\t<div class=\"elementor-widget-wrap elementor-element-populated\">\n\t\t\t\t\t\t<div class=\"elementor-element elementor-element-9a840ad elementor-widget elementor-widget-heading\" data-id=\"9a840ad\" data-element_type=\"widget\" data-e-type=\"widget\" data-widget_type=\"heading.default\">\n\t\t\t\t<div class=\"elementor-widget-container\">\n\t\t\t\t\t<h2 class=\"elementor-heading-title elementor-size-default\">Responsible for the content of this page<\/h2>\t\t\t\t<\/div>\n\t\t\t\t<\/div>\n\t\t\t\t<div class=\"elementor-element elementor-element-51716d4 elementor-widget elementor-widget-text-editor\" data-id=\"51716d4\" data-element_type=\"widget\" data-e-type=\"widget\" data-widget_type=\"text-editor.default\">\n\t\t\t\t<div class=\"elementor-widget-container\">\n\t\t\t\t\t\t\t\t\t<h3>DEMGY EIS GmbH<\/h3><p>represented by the managing director<br \/>Pierre-Jean Leduc<br \/>Kolumbusstra\u00dfe 31<br \/>53881 Euskirchen<br \/>Phone : +49 2251 7738-0<\/p><p>\u00a0<\/p><p>Zweitstandort in lemgo:<\/p><p>Im Hengstfeld 26<br \/>32657 Lemgo<\/p><p><a href=\"mailto:info@eis-aircraft.com\">info@eis-aircraft.com<\/a><br \/>Registered in the Commercial Register of the Bonn Local Court under Register Number HRB 26273<br \/>USt.-IdNr.: DE 815832652<\/p><p>Visual Design: <a href=\"https:\/\/plus7-media.de\">PLUS7 media<\/a><\/p>\t\t\t\t\t\t\t\t<\/div>\n\t\t\t\t<\/div>\n\t\t\t\t\t<\/div>\n\t\t<\/div>\n\t\t\t\t\t<\/div>\n\t\t<\/section>\n\t\t\t\t<\/div>","protected":false},"excerpt":{"rendered":"<p>Verantwortlich f\u00fcr den Inhalt dieser Seite DEMGY EIS GmbH vertreten durch den Gesch\u00e4ftsf\u00fchrerPierre-Jean LeducKolumbusstra\u00dfe 3153881 EuskirchenTel.: +49 2251 7738-0 \u00a0 Zweitstandort in lemgo: Im Hengstfeld 2632657 Lemgo info@eis-aircraft.comeingetragen in das Handelsregister des Amtsgerichts Bonn\u00a0unter der Register-Nummer HRB 26273USt.-IdNr.: DE 815832652 Gestalterische Umsetzung: PLUS7 media<\/p>","protected":false},"author":1,"featured_media":0,"parent":0,"menu_order":0,"comment_status":"closed","ping_status":"closed","template":"","meta":{"inline_featured_image":false,"footnotes":""},"class_list":["post-843","page","type-page","status-publish","hentry"],"yoast_head":"<!-- This site is optimized with the Yoast SEO plugin v27.3 - https:\/\/yoast.com\/product\/yoast-seo-wordpress\/ -->\n<title>Impressum - DEMGY EIS GmbH<\/title>\n<meta name=\"robots\" content=\"index, follow, max-snippet:-1, max-image-preview:large, max-video-preview:-1\" \/>\n<link rel=\"canonical\" href=\"https:\/\/eis-group.de\/en\/impressum\/\" \/>\n<meta property=\"og:locale\" content=\"en_US\" \/>\n<meta property=\"og:type\" content=\"article\" \/>\n<meta property=\"og:title\" content=\"Impressum - DEMGY EIS GmbH\" \/>\n<meta property=\"og:description\" content=\"Verantwortlich f\u00fcr den Inhalt dieser Seite DEMGY EIS GmbH vertreten durch den Gesch\u00e4ftsf\u00fchrerPierre-Jean LeducKolumbusstra\u00dfe 3153881 EuskirchenTel.: +49 2251 7738-0 \u00a0 Zweitstandort in lemgo: Im Hengstfeld 2632657 Lemgo info@eis-aircraft.comeingetragen in das Handelsregister des Amtsgerichts Bonn\u00a0unter der Register-Nummer HRB 26273USt.-IdNr.: DE 815832652 Gestalterische Umsetzung: PLUS7 media\" \/>\n<meta property=\"og:url\" content=\"https:\/\/eis-group.de\/en\/impressum\/\" \/>\n<meta property=\"og:site_name\" content=\"DEMGY EIS GmbH\" \/>\n<meta property=\"article:modified_time\" content=\"2024-06-05T12:03:55+00:00\" \/>\n<meta name=\"twitter:card\" content=\"summary_large_image\" \/>\n<meta name=\"twitter:label1\" content=\"Est. reading time\" \/>\n\t<meta name=\"twitter:data1\" content=\"1 minute\" \/>\n<!-- \/ Yoast SEO plugin. -->","yoast_head_json":{"title":"Impressum - DEMGY EIS GmbH","robots":{"index":"index","follow":"follow","max-snippet":"max-snippet:-1","max-image-preview":"max-image-preview:large","max-video-preview":"max-video-preview:-1"},"canonical":"https:\/\/eis-group.de\/en\/impressum\/","og_locale":"en_US","og_type":"article","og_title":"Impressum - DEMGY EIS GmbH","og_description":"Verantwortlich f\u00fcr den Inhalt dieser Seite DEMGY EIS GmbH vertreten durch den Gesch\u00e4ftsf\u00fchrerPierre-Jean LeducKolumbusstra\u00dfe 3153881 EuskirchenTel.: +49 2251 7738-0 \u00a0 Zweitstandort in lemgo: Im Hengstfeld 2632657 Lemgo info@eis-aircraft.comeingetragen in das Handelsregister des Amtsgerichts Bonn\u00a0unter der Register-Nummer HRB 26273USt.-IdNr.: DE 815832652 Gestalterische Umsetzung: PLUS7 media","og_url":"https:\/\/eis-group.de\/en\/impressum\/","og_site_name":"DEMGY EIS GmbH","article_modified_time":"2024-06-05T12:03:55+00:00","twitter_card":"summary_large_image","twitter_misc":{"Est. reading time":"1 minute"},"schema":{"@context":"https:\/\/schema.org","@graph":[{"@type":"WebPage","@id":"https:\/\/eis-group.de\/impressum","url":"https:\/\/eis-group.de\/impressum","name":"Impressum - DEMGY EIS GmbH","isPartOf":{"@id":"https:\/\/eis-group.de\/#website"},"datePublished":"2022-05-30T07:24:25+00:00","dateModified":"2024-06-05T12:03:55+00:00","breadcrumb":{"@id":"https:\/\/eis-group.de\/impressum#breadcrumb"},"inLanguage":"en-US","potentialAction":[{"@type":"ReadAction","target":["https:\/\/eis-group.de\/impressum"]}]},{"@type":"BreadcrumbList","@id":"https:\/\/eis-group.de\/impressum#breadcrumb","itemListElement":[{"@type":"ListItem","position":1,"name":"Startseite","item":"https:\/\/eis-group.de\/"},{"@type":"ListItem","position":2,"name":"Impressum"}]},{"@type":"WebSite","@id":"https:\/\/eis-group.de\/#website","url":"https:\/\/eis-group.de\/","name":"DEMGY EIS","description":"Ein Unternehmen der DEMGY Group","publisher":{"@id":"https:\/\/eis-group.de\/#organization"},"potentialAction":[{"@type":"SearchAction","target":{"@type":"EntryPoint","urlTemplate":"https:\/\/eis-group.de\/?s={search_term_string}"},"query-input":{"@type":"PropertyValueSpecification","valueRequired":true,"valueName":"search_term_string"}}],"inLanguage":"en-US"},{"@type":"Organization","@id":"https:\/\/eis-group.de\/#organization","name":"DEMGY EIS","url":"https:\/\/eis-group.de\/","logo":{"@type":"ImageObject","inLanguage":"en-US","@id":"https:\/\/eis-group.de\/#\/schema\/logo\/image\/","url":"https:\/\/eis-group.de\/wp-content\/uploads\/2022\/04\/DEMGY_LOGOTYPE_AVEC-BASELINE-1.png","contentUrl":"https:\/\/eis-group.de\/wp-content\/uploads\/2022\/04\/DEMGY_LOGOTYPE_AVEC-BASELINE-1.png","width":4725,"height":2363,"caption":"DEMGY EIS"},"image":{"@id":"https:\/\/eis-group.de\/#\/schema\/logo\/image\/"}}]}},"_links":{"self":[{"href":"https:\/\/eis-group.de\/en\/wp-json\/wp\/v2\/pages\/843","targetHints":{"allow":["GET"]}}],"collection":[{"href":"https:\/\/eis-group.de\/en\/wp-json\/wp\/v2\/pages"}],"about":[{"href":"https:\/\/eis-group.de\/en\/wp-json\/wp\/v2\/types\/page"}],"author":[{"embeddable":true,"href":"https:\/\/eis-group.de\/en\/wp-json\/wp\/v2\/users\/1"}],"replies":[{"embeddable":true,"href":"https:\/\/eis-group.de\/en\/wp-json\/wp\/v2\/comments?post=843"}],"version-history":[{"count":22,"href":"https:\/\/eis-group.de\/en\/wp-json\/wp\/v2\/pages\/843\/revisions"}],"predecessor-version":[{"id":3238,"href":"https:\/\/eis-group.de\/en\/wp-json\/wp\/v2\/pages\/843\/revisions\/3238"}],"wp:attachment":[{"href":"https:\/\/eis-group.de\/en\/wp-json\/wp\/v2\/media?parent=843"}],"curies":[{"name":"wp","href":"https:\/\/api.w.org\/{rel}","templated":true}]}}