{"id":381,"date":"2022-04-19T09:37:00","date_gmt":"2022-04-19T09:37:00","guid":{"rendered":"https:\/\/relaunch.eis-group.de\/?page_id=381"},"modified":"2026-03-31T07:23:20","modified_gmt":"2026-03-31T07:23:20","slug":"karriere","status":"publish","type":"page","link":"https:\/\/eis-group.de\/en\/karriere","title":{"rendered":"Career"},"content":{"rendered":"<div data-elementor-type=\"wp-page\" data-elementor-id=\"381\" class=\"elementor elementor-381\" data-elementor-post-type=\"page\">\n\t\t\t\t\t\t<section class=\"elementor-section elementor-top-section elementor-element elementor-element-8548616 elementor-section-height-min-height elementor-section-boxed elementor-section-height-default elementor-section-items-middle\" data-id=\"8548616\" data-element_type=\"section\" data-e-type=\"section\" data-settings=\"{&quot;background_background&quot;:&quot;classic&quot;}\">\n\t\t\t\t\t\t<div class=\"elementor-container elementor-column-gap-default\">\n\t\t\t\t\t<div class=\"elementor-column elementor-col-100 elementor-top-column elementor-element elementor-element-395965c\" data-id=\"395965c\" data-element_type=\"column\" data-e-type=\"column\">\n\t\t\t<div class=\"elementor-widget-wrap elementor-element-populated\">\n\t\t\t\t\t\t<div class=\"elementor-element elementor-element-4992e7e elementor-widget elementor-widget-heading\" data-id=\"4992e7e\" data-element_type=\"widget\" data-e-type=\"widget\" data-widget_type=\"heading.default\">\n\t\t\t\t<div class=\"elementor-widget-container\">\n\t\t\t\t\t<h2 class=\"elementor-heading-title elementor-size-default\">Career at DEMGY EIS<\/h2>\t\t\t\t<\/div>\n\t\t\t\t<\/div>\n\t\t\t\t\t<\/div>\n\t\t<\/div>\n\t\t\t\t\t<\/div>\n\t\t<\/section>\n\t\t\t\t<section class=\"elementor-section elementor-top-section elementor-element elementor-element-cc3f0f3 elementor-section-height-min-height elementor-reverse-tablet elementor-reverse-mobile elementor-hidden-desktop elementor-hidden-laptop elementor-hidden-tablet_extra elementor-hidden-tablet elementor-hidden-mobile elementor-section-boxed elementor-section-height-default elementor-section-items-middle\" data-id=\"cc3f0f3\" data-element_type=\"section\" data-e-type=\"section\" data-settings=\"{&quot;background_background&quot;:&quot;classic&quot;}\">\n\t\t\t\t\t\t<div class=\"elementor-container elementor-column-gap-default\">\n\t\t\t\t\t<div class=\"elementor-column elementor-col-50 elementor-top-column elementor-element elementor-element-fe27388\" data-id=\"fe27388\" data-element_type=\"column\" data-e-type=\"column\">\n\t\t\t<div class=\"elementor-widget-wrap elementor-element-populated\">\n\t\t\t\t\t\t<div class=\"elementor-element elementor-element-3cbaea4 elementor-widget elementor-widget-heading\" data-id=\"3cbaea4\" data-element_type=\"widget\" data-e-type=\"widget\" data-widget_type=\"heading.default\">\n\t\t\t\t<div class=\"elementor-widget-container\">\n\t\t\t\t\t<h2 class=\"elementor-heading-title elementor-size-default\">Unfortunately, we currently have no vacancies<br><b>Ver\u00f6ffentlicht<\/b><\/h2>\t\t\t\t<\/div>\n\t\t\t\t<\/div>\n\t\t\t\t<div class=\"elementor-element elementor-element-be84be3 elementor-widget elementor-widget-text-editor\" data-id=\"be84be3\" data-element_type=\"widget\" data-e-type=\"widget\" data-widget_type=\"text-editor.default\">\n\t\t\t\t<div class=\"elementor-widget-container\">\n\t\t\t\t\t\t\t\t\t<p>Nevertheless, you are welcome to submit an application to us so that we can check your profile individually and, in case of need, offer you a position in our company.<\/p><p>Please submit your documents via the application form or by email to joinus@eis-aircraft.com.<\/p>\t\t\t\t\t\t\t\t<\/div>\n\t\t\t\t<\/div>\n\t\t\t\t<div class=\"elementor-element elementor-element-38428e3 elementor-align-left elementor-widget elementor-widget-button\" data-id=\"38428e3\" data-element_type=\"widget\" data-e-type=\"widget\" data-widget_type=\"button.default\">\n\t\t\t\t<div class=\"elementor-widget-container\">\n\t\t\t\t\t\t\t\t\t<div class=\"elementor-button-wrapper\">\n\t\t\t\t\t<a class=\"elementor-button elementor-button-link elementor-size-sm\" href=\"https:\/\/eis-group.de\/en\/online-bewerbung-initiativ\/\">\n\t\t\t\t\t\t<span class=\"elementor-button-content-wrapper\">\n\t\t\t\t\t\t\t\t\t<span class=\"elementor-button-text\">Application form<\/span>\n\t\t\t\t\t<\/span>\n\t\t\t\t\t<\/a>\n\t\t\t\t<\/div>\n\t\t\t\t\t\t\t\t<\/div>\n\t\t\t\t<\/div>\n\t\t\t\t\t<\/div>\n\t\t<\/div>\n\t\t\t\t<div class=\"elementor-column elementor-col-50 elementor-top-column elementor-element elementor-element-bb2fc91\" data-id=\"bb2fc91\" data-element_type=\"column\" data-e-type=\"column\">\n\t\t\t<div class=\"elementor-widget-wrap elementor-element-populated\">\n\t\t\t\t\t\t<div class=\"elementor-element elementor-element-01ce1ac elementor-widget elementor-widget-image\" data-id=\"01ce1ac\" data-element_type=\"widget\" data-e-type=\"widget\" data-widget_type=\"image.default\">\n\t\t\t\t<div class=\"elementor-widget-container\">\n\t\t\t\t\t\t\t\t\t\t\t\t\t\t\t<img fetchpriority=\"high\" decoding=\"async\" width=\"800\" height=\"431\" src=\"https:\/\/eis-group.de\/wp-content\/uploads\/2022\/04\/Trenner_paralax13-1024x552.jpg\" class=\"attachment-large size-large wp-image-384\" alt=\"Kontakt\" srcset=\"https:\/\/eis-group.de\/wp-content\/uploads\/2022\/04\/Trenner_paralax13-1024x552.jpg 1024w, https:\/\/eis-group.de\/wp-content\/uploads\/2022\/04\/Trenner_paralax13-300x162.jpg 300w, https:\/\/eis-group.de\/wp-content\/uploads\/2022\/04\/Trenner_paralax13-768x414.jpg 768w, https:\/\/eis-group.de\/wp-content\/uploads\/2022\/04\/Trenner_paralax13-1536x828.jpg 1536w, https:\/\/eis-group.de\/wp-content\/uploads\/2022\/04\/Trenner_paralax13.jpg 1799w\" sizes=\"(max-width: 800px) 100vw, 800px\" \/>\t\t\t\t\t\t\t\t\t\t\t\t\t\t\t<\/div>\n\t\t\t\t<\/div>\n\t\t\t\t\t<\/div>\n\t\t<\/div>\n\t\t\t\t\t<\/div>\n\t\t<\/section>\n\t\t\t\t<section class=\"elementor-section elementor-top-section elementor-element elementor-element-5775e4d elementor-section-height-min-height elementor-section-boxed elementor-section-height-default elementor-section-items-middle\" data-id=\"5775e4d\" data-element_type=\"section\" data-e-type=\"section\" data-settings=\"{&quot;background_background&quot;:&quot;classic&quot;}\">\n\t\t\t\t\t\t<div class=\"elementor-container elementor-column-gap-default\">\n\t\t\t\t\t<div class=\"elementor-column elementor-col-50 elementor-top-column elementor-element elementor-element-7a43360\" data-id=\"7a43360\" data-element_type=\"column\" data-e-type=\"column\">\n\t\t\t<div class=\"elementor-widget-wrap elementor-element-populated\">\n\t\t\t\t\t\t<div class=\"elementor-element elementor-element-fc8fd7c elementor-hidden-desktop elementor-widget elementor-widget-image\" data-id=\"fc8fd7c\" data-element_type=\"widget\" data-e-type=\"widget\" data-widget_type=\"image.default\">\n\t\t\t\t<div class=\"elementor-widget-container\">\n\t\t\t\t\t\t\t\t\t\t\t\t\t\t\t<img fetchpriority=\"high\" decoding=\"async\" width=\"800\" height=\"431\" src=\"https:\/\/eis-group.de\/wp-content\/uploads\/2022\/04\/Trenner_paralax13-1024x552.jpg\" class=\"attachment-large size-large wp-image-384\" alt=\"Kontakt\" srcset=\"https:\/\/eis-group.de\/wp-content\/uploads\/2022\/04\/Trenner_paralax13-1024x552.jpg 1024w, https:\/\/eis-group.de\/wp-content\/uploads\/2022\/04\/Trenner_paralax13-300x162.jpg 300w, https:\/\/eis-group.de\/wp-content\/uploads\/2022\/04\/Trenner_paralax13-768x414.jpg 768w, https:\/\/eis-group.de\/wp-content\/uploads\/2022\/04\/Trenner_paralax13-1536x828.jpg 1536w, https:\/\/eis-group.de\/wp-content\/uploads\/2022\/04\/Trenner_paralax13.jpg 1799w\" sizes=\"(max-width: 800px) 100vw, 800px\" \/>\t\t\t\t\t\t\t\t\t\t\t\t\t\t\t<\/div>\n\t\t\t\t<\/div>\n\t\t\t\t<div class=\"elementor-element elementor-element-5e1c38e elementor-widget elementor-widget-heading\" data-id=\"5e1c38e\" data-element_type=\"widget\" data-e-type=\"widget\" data-widget_type=\"heading.default\">\n\t\t\t\t<div class=\"elementor-widget-container\">\n\t\t\t\t\t<h2 class=\"elementor-heading-title elementor-size-default\">Overview of our<br><b>vacant positions<\/b><\/h2>\t\t\t\t<\/div>\n\t\t\t\t<\/div>\n\t\t\t\t<div class=\"elementor-element elementor-element-4ec1b0d elementor-widget elementor-widget-text-editor\" data-id=\"4ec1b0d\" data-element_type=\"widget\" data-e-type=\"widget\" data-widget_type=\"text-editor.default\">\n\t\t\t\t<div class=\"elementor-widget-container\">\n\t\t\t\t\t\t\t\t\t<p><strong>Your desired position is not vacant?<\/strong> Nevertheless, you are welcome to submit an application to us so that we can check your profile individually and, in case of need, offer you a position in our company.<\/p>\n<p>Reichen Sie Ihre Unterlagen hierzu gerne \u00fcber das jeweilige Bewerbungsformular, postalisch oder per Email an joinus@demgy.com ein.<\/p>\t\t\t\t\t\t\t\t<\/div>\n\t\t\t\t<\/div>\n\t\t\t\t\t<\/div>\n\t\t<\/div>\n\t\t\t\t<div class=\"elementor-column elementor-col-50 elementor-top-column elementor-element elementor-element-9966a6e elementor-hidden-tablet\" data-id=\"9966a6e\" data-element_type=\"column\" data-e-type=\"column\">\n\t\t\t<div class=\"elementor-widget-wrap elementor-element-populated\">\n\t\t\t\t\t\t<div class=\"elementor-element elementor-element-715b589 elementor-hidden-mobile elementor-widget elementor-widget-image\" data-id=\"715b589\" data-element_type=\"widget\" data-e-type=\"widget\" data-widget_type=\"image.default\">\n\t\t\t\t<div class=\"elementor-widget-container\">\n\t\t\t\t\t\t\t\t\t\t\t\t\t\t\t<img fetchpriority=\"high\" decoding=\"async\" width=\"800\" height=\"431\" src=\"https:\/\/eis-group.de\/wp-content\/uploads\/2022\/04\/Trenner_paralax13-1024x552.jpg\" class=\"attachment-large size-large wp-image-384\" alt=\"Kontakt\" srcset=\"https:\/\/eis-group.de\/wp-content\/uploads\/2022\/04\/Trenner_paralax13-1024x552.jpg 1024w, https:\/\/eis-group.de\/wp-content\/uploads\/2022\/04\/Trenner_paralax13-300x162.jpg 300w, https:\/\/eis-group.de\/wp-content\/uploads\/2022\/04\/Trenner_paralax13-768x414.jpg 768w, https:\/\/eis-group.de\/wp-content\/uploads\/2022\/04\/Trenner_paralax13-1536x828.jpg 1536w, https:\/\/eis-group.de\/wp-content\/uploads\/2022\/04\/Trenner_paralax13.jpg 1799w\" sizes=\"(max-width: 800px) 100vw, 800px\" \/>\t\t\t\t\t\t\t\t\t\t\t\t\t\t\t<\/div>\n\t\t\t\t<\/div>\n\t\t\t\t\t<\/div>\n\t\t<\/div>\n\t\t\t\t\t<\/div>\n\t\t<\/section>\n\t\t\t\t<section class=\"elementor-section elementor-top-section elementor-element elementor-element-915082d elementor-section-boxed elementor-section-height-default elementor-section-height-default\" data-id=\"915082d\" data-element_type=\"section\" data-e-type=\"section\">\n\t\t\t\t\t\t<div class=\"elementor-container elementor-column-gap-default\">\n\t\t\t\t\t<div class=\"elementor-column elementor-col-100 elementor-top-column elementor-element elementor-element-c8fe40f\" data-id=\"c8fe40f\" data-element_type=\"column\" data-e-type=\"column\">\n\t\t\t<div class=\"elementor-widget-wrap elementor-element-populated\">\n\t\t\t\t\t\t<div class=\"elementor-element elementor-element-8139911 elementor-widget elementor-widget-heading\" data-id=\"8139911\" data-element_type=\"widget\" data-e-type=\"widget\" data-widget_type=\"heading.default\">\n\t\t\t\t<div class=\"elementor-widget-container\">\n\t\t\t\t\t<h2 class=\"elementor-heading-title elementor-size-default\">Lemgo<\/h2>\t\t\t\t<\/div>\n\t\t\t\t<\/div>\n\t\t\t\t\t<\/div>\n\t\t<\/div>\n\t\t\t\t\t<\/div>\n\t\t<\/section>\n\t\t\t\t<section class=\"elementor-section elementor-top-section elementor-element elementor-element-31583da elementor-section-boxed elementor-section-height-default elementor-section-height-default\" data-id=\"31583da\" data-element_type=\"section\" data-e-type=\"section\">\n\t\t\t\t\t\t<div class=\"elementor-container elementor-column-gap-default\">\n\t\t\t\t\t<div class=\"elementor-column elementor-col-100 elementor-top-column elementor-element elementor-element-c06be3e\" data-id=\"c06be3e\" data-element_type=\"column\" data-e-type=\"column\" data-settings=\"{&quot;background_background&quot;:&quot;classic&quot;}\">\n\t\t\t<div class=\"elementor-widget-wrap elementor-element-populated\">\n\t\t\t\t\t\t<div class=\"elementor-element elementor-element-08e3cdf elementor-widget elementor-widget-heading\" data-id=\"08e3cdf\" data-element_type=\"widget\" data-e-type=\"widget\" data-widget_type=\"heading.default\">\n\t\t\t\t<div class=\"elementor-widget-container\">\n\t\t\t\t\t<h2 class=\"elementor-heading-title elementor-size-default\"><a href=\"https:\/\/eis-group.de\/wp-content\/uploads\/2026\/01\/Externe-Stellenausschreibung_Werkstudent-Prozessmanagement_260130.pdf\" target=\"_blank\">+ Werkstudent Prozessmanagement (m\/w\/d)<\/a><\/h2>\t\t\t\t<\/div>\n\t\t\t\t<\/div>\n\t\t\t\t\t<\/div>\n\t\t<\/div>\n\t\t\t\t\t<\/div>\n\t\t<\/section>\n\t\t\t\t<section class=\"elementor-section elementor-top-section elementor-element elementor-element-8e86836 elementor-section-boxed elementor-section-height-default elementor-section-height-default\" data-id=\"8e86836\" data-element_type=\"section\" data-e-type=\"section\">\n\t\t\t\t\t\t<div class=\"elementor-container elementor-column-gap-default\">\n\t\t\t\t\t<div class=\"elementor-column elementor-col-100 elementor-top-column elementor-element elementor-element-47d3a3a\" data-id=\"47d3a3a\" data-element_type=\"column\" data-e-type=\"column\">\n\t\t\t<div class=\"elementor-widget-wrap elementor-element-populated\">\n\t\t\t\t\t\t<div class=\"elementor-element elementor-element-ca641db elementor-align-center elementor-widget elementor-widget-button\" data-id=\"ca641db\" data-element_type=\"widget\" data-e-type=\"widget\" data-widget_type=\"button.default\">\n\t\t\t\t<div class=\"elementor-widget-container\">\n\t\t\t\t\t\t\t\t\t<div class=\"elementor-button-wrapper\">\n\t\t\t\t\t<a class=\"elementor-button elementor-button-link elementor-size-sm\" href=\"https:\/\/eis-group.de\/en\/online-bewerbung-lem\/\" target=\"_blank\">\n\t\t\t\t\t\t<span class=\"elementor-button-content-wrapper\">\n\t\t\t\t\t\t\t\t\t<span class=\"elementor-button-text\">Online Bewerbung Lemgo<\/span>\n\t\t\t\t\t<\/span>\n\t\t\t\t\t<\/a>\n\t\t\t\t<\/div>\n\t\t\t\t\t\t\t\t<\/div>\n\t\t\t\t<\/div>\n\t\t\t\t\t<\/div>\n\t\t<\/div>\n\t\t\t\t\t<\/div>\n\t\t<\/section>\n\t\t\t\t<section class=\"elementor-section elementor-top-section elementor-element elementor-element-47f8e45 elementor-section-boxed elementor-section-height-default elementor-section-height-default\" data-id=\"47f8e45\" data-element_type=\"section\" data-e-type=\"section\">\n\t\t\t\t\t\t<div class=\"elementor-container elementor-column-gap-default\">\n\t\t\t\t\t<div class=\"elementor-column elementor-col-100 elementor-top-column elementor-element elementor-element-858729e\" data-id=\"858729e\" data-element_type=\"column\" data-e-type=\"column\">\n\t\t\t<div class=\"elementor-widget-wrap elementor-element-populated\">\n\t\t\t\t\t\t<div class=\"elementor-element elementor-element-5dc77ee elementor-widget elementor-widget-heading\" data-id=\"5dc77ee\" data-element_type=\"widget\" data-e-type=\"widget\" data-widget_type=\"heading.default\">\n\t\t\t\t<div class=\"elementor-widget-container\">\n\t\t\t\t\t<h2 class=\"elementor-heading-title elementor-size-default\">Euskirchen<\/h2>\t\t\t\t<\/div>\n\t\t\t\t<\/div>\n\t\t\t\t\t<\/div>\n\t\t<\/div>\n\t\t\t\t\t<\/div>\n\t\t<\/section>\n\t\t\t\t<section class=\"elementor-section elementor-top-section elementor-element elementor-element-3f48f01 elementor-section-boxed elementor-section-height-default elementor-section-height-default\" data-id=\"3f48f01\" data-element_type=\"section\" data-e-type=\"section\">\n\t\t\t\t\t\t<div class=\"elementor-container elementor-column-gap-default\">\n\t\t\t\t\t<div class=\"elementor-column elementor-col-100 elementor-top-column elementor-element elementor-element-863d8fd\" data-id=\"863d8fd\" data-element_type=\"column\" data-e-type=\"column\" data-settings=\"{&quot;background_background&quot;:&quot;classic&quot;}\">\n\t\t\t<div class=\"elementor-widget-wrap elementor-element-populated\">\n\t\t\t\t\t\t<div class=\"elementor-element elementor-element-2e56432 elementor-widget elementor-widget-heading\" data-id=\"2e56432\" data-element_type=\"widget\" data-e-type=\"widget\" data-widget_type=\"heading.default\">\n\t\t\t\t<div class=\"elementor-widget-container\">\n\t\t\t\t\t<h2 class=\"elementor-heading-title elementor-size-default\"><a href=\"https:\/\/eis-group.de\/wp-content\/uploads\/2026\/02\/DEMGY-EIS_Werkstudent-QM.pdf\" target=\"_blank\">+  Werkstudent Qualit\u00e4tsmanagement (m\/w\/d)<\/a><\/h2>\t\t\t\t<\/div>\n\t\t\t\t<\/div>\n\t\t\t\t\t<\/div>\n\t\t<\/div>\n\t\t\t\t\t<\/div>\n\t\t<\/section>\n\t\t\t\t<section class=\"elementor-section elementor-top-section elementor-element elementor-element-e5a502c elementor-section-boxed elementor-section-height-default elementor-section-height-default\" data-id=\"e5a502c\" data-element_type=\"section\" data-e-type=\"section\">\n\t\t\t\t\t\t<div class=\"elementor-container elementor-column-gap-default\">\n\t\t\t\t\t<div class=\"elementor-column elementor-col-100 elementor-top-column elementor-element elementor-element-8fca675\" data-id=\"8fca675\" data-element_type=\"column\" data-e-type=\"column\" data-settings=\"{&quot;background_background&quot;:&quot;classic&quot;}\">\n\t\t\t<div class=\"elementor-widget-wrap elementor-element-populated\">\n\t\t\t\t\t\t<div class=\"elementor-element elementor-element-c8c2ad4 elementor-widget elementor-widget-heading\" data-id=\"c8c2ad4\" data-element_type=\"widget\" data-e-type=\"widget\" data-widget_type=\"heading.default\">\n\t\t\t\t<div class=\"elementor-widget-container\">\n\t\t\t\t\t<h2 class=\"elementor-heading-title elementor-size-default\"><a href=\"https:\/\/eis-group.de\/wp-content\/uploads\/2025\/05\/DEMGY_Junior-Controller-m_w_d.pdf\" target=\"_blank\">+  Junior Controller (m\/w\/d)<\/a><\/h2>\t\t\t\t<\/div>\n\t\t\t\t<\/div>\n\t\t\t\t\t<\/div>\n\t\t<\/div>\n\t\t\t\t\t<\/div>\n\t\t<\/section>\n\t\t\t\t<section class=\"elementor-section elementor-top-section elementor-element elementor-element-6b83ec1 elementor-section-boxed elementor-section-height-default elementor-section-height-default\" data-id=\"6b83ec1\" data-element_type=\"section\" data-e-type=\"section\">\n\t\t\t\t\t\t<div class=\"elementor-container elementor-column-gap-default\">\n\t\t\t\t\t<div class=\"elementor-column elementor-col-100 elementor-top-column elementor-element elementor-element-f76c574\" data-id=\"f76c574\" data-element_type=\"column\" data-e-type=\"column\" data-settings=\"{&quot;background_background&quot;:&quot;classic&quot;}\">\n\t\t\t<div class=\"elementor-widget-wrap elementor-element-populated\">\n\t\t\t\t\t\t<div class=\"elementor-element elementor-element-bc5bed9 elementor-widget elementor-widget-heading\" data-id=\"bc5bed9\" data-element_type=\"widget\" data-e-type=\"widget\" data-widget_type=\"heading.default\">\n\t\t\t\t<div class=\"elementor-widget-container\">\n\t\t\t\t\t<h2 class=\"elementor-heading-title elementor-size-default\"><a href=\"https:\/\/eis-group.de\/wp-content\/uploads\/2026\/03\/DEMGY-EIS_Leiter-Finanzen-und-Controlling.pdf\" target=\"_blank\">+  Leiter Finanzen &amp; Controlling (m\/w\/d)<\/a><\/h2>\t\t\t\t<\/div>\n\t\t\t\t<\/div>\n\t\t\t\t\t<\/div>\n\t\t<\/div>\n\t\t\t\t\t<\/div>\n\t\t<\/section>\n\t\t\t\t<section class=\"elementor-section elementor-top-section elementor-element elementor-element-38ac433 elementor-section-boxed elementor-section-height-default elementor-section-height-default\" data-id=\"38ac433\" data-element_type=\"section\" data-e-type=\"section\">\n\t\t\t\t\t\t<div class=\"elementor-container elementor-column-gap-default\">\n\t\t\t\t\t<div class=\"elementor-column elementor-col-100 elementor-top-column elementor-element elementor-element-0d75549\" data-id=\"0d75549\" data-element_type=\"column\" data-e-type=\"column\">\n\t\t\t<div class=\"elementor-widget-wrap elementor-element-populated\">\n\t\t\t\t\t\t<div class=\"elementor-element elementor-element-4f4d134 elementor-align-center elementor-widget elementor-widget-button\" data-id=\"4f4d134\" data-element_type=\"widget\" data-e-type=\"widget\" data-widget_type=\"button.default\">\n\t\t\t\t<div class=\"elementor-widget-container\">\n\t\t\t\t\t\t\t\t\t<div class=\"elementor-button-wrapper\">\n\t\t\t\t\t<a class=\"elementor-button elementor-button-link elementor-size-sm\" href=\"https:\/\/eis-group.de\/en\/online-bewerbung-eus\/\" target=\"_blank\">\n\t\t\t\t\t\t<span class=\"elementor-button-content-wrapper\">\n\t\t\t\t\t\t\t\t\t<span class=\"elementor-button-text\">Online Bewerbung Euskirchen<\/span>\n\t\t\t\t\t<\/span>\n\t\t\t\t\t<\/a>\n\t\t\t\t<\/div>\n\t\t\t\t\t\t\t\t<\/div>\n\t\t\t\t<\/div>\n\t\t\t\t\t<\/div>\n\t\t<\/div>\n\t\t\t\t\t<\/div>\n\t\t<\/section>\n\t\t\t\t<\/div>","protected":false},"excerpt":{"rendered":"<p>Karriere bei DEMGY | EIS Wir haben aktuell leider keine StellenangeboteVer\u00f6ffentlicht Reichen Sie doch trotzdem gerne eine Initiativbewerbung bei uns ein, sodass wir Ihr Profil individuell pr\u00fcfen und Ihnen gegebenenfalls eine Stelle bei uns im Unternehmen anbieten k\u00f6nnen. Reichen Sie Ihre Unterlagen hierzu gerne \u00fcber das Bewerbungsformular, postalisch oder per Email an joinus@eis-aircraft.com ein. Bewerbungsformular [&hellip;]<\/p>\n","protected":false},"author":1,"featured_media":0,"parent":0,"menu_order":0,"comment_status":"closed","ping_status":"closed","template":"","meta":{"inline_featured_image":false,"footnotes":""},"class_list":["post-381","page","type-page","status-publish","hentry"],"yoast_head":"<!-- This site is optimized with the Yoast SEO plugin v27.3 - https:\/\/yoast.com\/product\/yoast-seo-wordpress\/ -->\n<title>DEMGY EIS | Ihre Karriere in der Luftfahrtindustrie<\/title>\n<meta name=\"description\" content=\"Bewerben Sie sich jetzt bei unserem spannenden Unternehmen und profitieren Sie von interessanten T\u00e4tigkeiten in der Luftfahrtindustrie!\" \/>\n<meta name=\"robots\" content=\"index, follow, max-snippet:-1, max-image-preview:large, max-video-preview:-1\" \/>\n<link rel=\"canonical\" href=\"https:\/\/eis-group.de\/en\/karriere\/\" \/>\n<meta property=\"og:locale\" content=\"en_US\" \/>\n<meta property=\"og:type\" content=\"article\" \/>\n<meta property=\"og:title\" content=\"DEMGY EIS | Ihre Karriere in der Luftfahrtindustrie\" \/>\n<meta property=\"og:description\" content=\"Bewerben Sie sich jetzt bei unserem spannenden Unternehmen und profitieren Sie von interessanten T\u00e4tigkeiten in der Luftfahrtindustrie!\" \/>\n<meta property=\"og:url\" content=\"https:\/\/eis-group.de\/en\/karriere\/\" \/>\n<meta property=\"og:site_name\" content=\"DEMGY EIS GmbH\" \/>\n<meta property=\"article:modified_time\" content=\"2026-03-31T07:23:20+00:00\" \/>\n<meta property=\"og:image\" content=\"https:\/\/eis-group.de\/wp-content\/uploads\/2022\/04\/Trenner_paralax13.jpg\" \/>\n\t<meta property=\"og:image:width\" content=\"1799\" \/>\n\t<meta property=\"og:image:height\" content=\"970\" \/>\n\t<meta property=\"og:image:type\" content=\"image\/jpeg\" \/>\n<meta name=\"twitter:card\" content=\"summary_large_image\" \/>\n<meta name=\"twitter:label1\" content=\"Est. reading time\" \/>\n\t<meta name=\"twitter:data1\" content=\"2 minutes\" \/>\n<!-- \/ Yoast SEO plugin. -->","yoast_head_json":{"title":"DEMGY EIS | Ihre Karriere in der Luftfahrtindustrie","description":"Bewerben Sie sich jetzt bei unserem spannenden Unternehmen und profitieren Sie von interessanten T\u00e4tigkeiten in der Luftfahrtindustrie!","robots":{"index":"index","follow":"follow","max-snippet":"max-snippet:-1","max-image-preview":"max-image-preview:large","max-video-preview":"max-video-preview:-1"},"canonical":"https:\/\/eis-group.de\/en\/karriere\/","og_locale":"en_US","og_type":"article","og_title":"DEMGY EIS | Ihre Karriere in der Luftfahrtindustrie","og_description":"Bewerben Sie sich jetzt bei unserem spannenden Unternehmen und profitieren Sie von interessanten T\u00e4tigkeiten in der Luftfahrtindustrie!","og_url":"https:\/\/eis-group.de\/en\/karriere\/","og_site_name":"DEMGY EIS GmbH","article_modified_time":"2026-03-31T07:23:20+00:00","og_image":[{"width":1799,"height":970,"url":"https:\/\/eis-group.de\/wp-content\/uploads\/2022\/04\/Trenner_paralax13.jpg","type":"image\/jpeg"}],"twitter_card":"summary_large_image","twitter_misc":{"Est. reading time":"2 minutes"},"schema":{"@context":"https:\/\/schema.org","@graph":[{"@type":"WebPage","@id":"https:\/\/eis-group.de\/karriere","url":"https:\/\/eis-group.de\/karriere","name":"DEMGY EIS | Ihre Karriere in der Luftfahrtindustrie","isPartOf":{"@id":"https:\/\/eis-group.de\/#website"},"primaryImageOfPage":{"@id":"https:\/\/eis-group.de\/karriere#primaryimage"},"image":{"@id":"https:\/\/eis-group.de\/karriere#primaryimage"},"thumbnailUrl":"https:\/\/eis-group.de\/wp-content\/uploads\/2022\/04\/Trenner_paralax13-1024x552.jpg","datePublished":"2022-04-19T09:37:00+00:00","dateModified":"2026-03-31T07:23:20+00:00","description":"Bewerben Sie sich jetzt bei unserem spannenden Unternehmen und profitieren Sie von interessanten T\u00e4tigkeiten in der Luftfahrtindustrie!","breadcrumb":{"@id":"https:\/\/eis-group.de\/karriere#breadcrumb"},"inLanguage":"en-US","potentialAction":[{"@type":"ReadAction","target":["https:\/\/eis-group.de\/karriere"]}]},{"@type":"ImageObject","inLanguage":"en-US","@id":"https:\/\/eis-group.de\/karriere#primaryimage","url":"https:\/\/eis-group.de\/wp-content\/uploads\/2022\/04\/Trenner_paralax13-1024x552.jpg","contentUrl":"https:\/\/eis-group.de\/wp-content\/uploads\/2022\/04\/Trenner_paralax13-1024x552.jpg"},{"@type":"BreadcrumbList","@id":"https:\/\/eis-group.de\/karriere#breadcrumb","itemListElement":[{"@type":"ListItem","position":1,"name":"Startseite","item":"https:\/\/eis-group.de\/"},{"@type":"ListItem","position":2,"name":"Karriere"}]},{"@type":"WebSite","@id":"https:\/\/eis-group.de\/#website","url":"https:\/\/eis-group.de\/","name":"DEMGY EIS","description":"Ein Unternehmen der DEMGY Group","publisher":{"@id":"https:\/\/eis-group.de\/#organization"},"potentialAction":[{"@type":"SearchAction","target":{"@type":"EntryPoint","urlTemplate":"https:\/\/eis-group.de\/?s={search_term_string}"},"query-input":{"@type":"PropertyValueSpecification","valueRequired":true,"valueName":"search_term_string"}}],"inLanguage":"en-US"},{"@type":"Organization","@id":"https:\/\/eis-group.de\/#organization","name":"DEMGY EIS","url":"https:\/\/eis-group.de\/","logo":{"@type":"ImageObject","inLanguage":"en-US","@id":"https:\/\/eis-group.de\/#\/schema\/logo\/image\/","url":"https:\/\/eis-group.de\/wp-content\/uploads\/2022\/04\/DEMGY_LOGOTYPE_AVEC-BASELINE-1.png","contentUrl":"https:\/\/eis-group.de\/wp-content\/uploads\/2022\/04\/DEMGY_LOGOTYPE_AVEC-BASELINE-1.png","width":4725,"height":2363,"caption":"DEMGY EIS"},"image":{"@id":"https:\/\/eis-group.de\/#\/schema\/logo\/image\/"}}]}},"_links":{"self":[{"href":"https:\/\/eis-group.de\/en\/wp-json\/wp\/v2\/pages\/381","targetHints":{"allow":["GET"]}}],"collection":[{"href":"https:\/\/eis-group.de\/en\/wp-json\/wp\/v2\/pages"}],"about":[{"href":"https:\/\/eis-group.de\/en\/wp-json\/wp\/v2\/types\/page"}],"author":[{"embeddable":true,"href":"https:\/\/eis-group.de\/en\/wp-json\/wp\/v2\/users\/1"}],"replies":[{"embeddable":true,"href":"https:\/\/eis-group.de\/en\/wp-json\/wp\/v2\/comments?post=381"}],"version-history":[{"count":418,"href":"https:\/\/eis-group.de\/en\/wp-json\/wp\/v2\/pages\/381\/revisions"}],"predecessor-version":[{"id":3736,"href":"https:\/\/eis-group.de\/en\/wp-json\/wp\/v2\/pages\/381\/revisions\/3736"}],"wp:attachment":[{"href":"https:\/\/eis-group.de\/en\/wp-json\/wp\/v2\/media?parent=381"}],"curies":[{"name":"wp","href":"https:\/\/api.w.org\/{rel}","templated":true}]}}