{"id":377,"date":"2022-04-19T09:35:29","date_gmt":"2022-04-19T09:35:29","guid":{"rendered":"https:\/\/relaunch.eis-group.de\/?page_id=377"},"modified":"2026-02-06T07:16:33","modified_gmt":"2026-02-06T07:16:33","slug":"zertifizierungen","status":"publish","type":"page","link":"https:\/\/eis-group.de\/en\/zertifizierungen","title":{"rendered":"Certification"},"content":{"rendered":"<div data-elementor-type=\"wp-page\" data-elementor-id=\"377\" class=\"elementor elementor-377\" data-elementor-post-type=\"page\">\n\t\t\t\t\t\t<section class=\"elementor-section elementor-top-section elementor-element elementor-element-de3d5c4 elementor-section-height-min-height elementor-section-boxed elementor-section-height-default elementor-section-items-middle\" data-id=\"de3d5c4\" data-element_type=\"section\" data-e-type=\"section\" data-settings=\"{&quot;background_background&quot;:&quot;classic&quot;}\">\n\t\t\t\t\t\t<div class=\"elementor-container elementor-column-gap-default\">\n\t\t\t\t\t<div class=\"elementor-column elementor-col-100 elementor-top-column elementor-element elementor-element-5275728\" data-id=\"5275728\" data-element_type=\"column\" data-e-type=\"column\">\n\t\t\t<div class=\"elementor-widget-wrap elementor-element-populated\">\n\t\t\t\t\t\t<div class=\"elementor-element elementor-element-06b2d44 elementor-widget elementor-widget-heading\" data-id=\"06b2d44\" data-element_type=\"widget\" data-e-type=\"widget\" data-widget_type=\"heading.default\">\n\t\t\t\t<div class=\"elementor-widget-container\">\n\t\t\t\t\t<h2 class=\"elementor-heading-title elementor-size-default\">Approvals and certifications<\/h2>\t\t\t\t<\/div>\n\t\t\t\t<\/div>\n\t\t\t\t\t<\/div>\n\t\t<\/div>\n\t\t\t\t\t<\/div>\n\t\t<\/section>\n\t\t\t\t<section class=\"elementor-section elementor-top-section elementor-element elementor-element-4692e5d elementor-section-boxed elementor-section-height-default elementor-section-height-default\" data-id=\"4692e5d\" data-element_type=\"section\" data-e-type=\"section\">\n\t\t\t\t\t\t<div class=\"elementor-container elementor-column-gap-default\">\n\t\t\t\t\t<div class=\"elementor-column elementor-col-50 elementor-top-column elementor-element elementor-element-5bd1b50\" data-id=\"5bd1b50\" data-element_type=\"column\" data-e-type=\"column\">\n\t\t\t<div class=\"elementor-widget-wrap elementor-element-populated\">\n\t\t\t\t\t\t<div class=\"elementor-element elementor-element-f749732 elementor-widget elementor-widget-text-editor\" data-id=\"f749732\" data-element_type=\"widget\" data-e-type=\"widget\" data-widget_type=\"text-editor.default\">\n\t\t\t\t<div class=\"elementor-widget-container\">\n\t\t\t\t\t\t\t\t\t<p>DEMGY EIS bietet seinen Kunden innovative Produkte und garantiert qualitativ hochwertige Services f\u00fcr das gesamte Portfolio. Strenge und fortw\u00e4hrende Qualit\u00e4tskontrollen durch nationale und internationale Luftfahrtbeh\u00f6rden sowie Audits von Gro\u00dfkunden meistern wir erfolgreich.<\/p>\t\t\t\t\t\t\t\t<\/div>\n\t\t\t\t<\/div>\n\t\t\t\t\t<\/div>\n\t\t<\/div>\n\t\t\t\t<div class=\"elementor-column elementor-col-50 elementor-top-column elementor-element elementor-element-1153301\" data-id=\"1153301\" data-element_type=\"column\" data-e-type=\"column\">\n\t\t\t<div class=\"elementor-widget-wrap elementor-element-populated\">\n\t\t\t\t\t\t<div class=\"elementor-element elementor-element-58035f5 elementor-widget elementor-widget-text-editor\" data-id=\"58035f5\" data-element_type=\"widget\" data-e-type=\"widget\" data-widget_type=\"text-editor.default\">\n\t\t\t\t<div class=\"elementor-widget-container\">\n\t\t\t\t\t\t\t\t\t<p>Our solutions are our unique selling point. It is not without reason that we look back on an international customer base with exclusive, long-term relationships. We handle all major approvals and accredited certifications across the entire value chain, including <strong>EASA 21G, EASA 21J and EASA Part 145<\/strong>.<\/p>\t\t\t\t\t\t\t\t<\/div>\n\t\t\t\t<\/div>\n\t\t\t\t\t<\/div>\n\t\t<\/div>\n\t\t\t\t\t<\/div>\n\t\t<\/section>\n\t\t\t\t<section class=\"elementor-section elementor-top-section elementor-element elementor-element-0b7c70c elementor-section-boxed elementor-section-height-default elementor-section-height-default\" data-id=\"0b7c70c\" data-element_type=\"section\" data-e-type=\"section\" data-settings=\"{&quot;background_background&quot;:&quot;classic&quot;}\">\n\t\t\t\t\t\t<div class=\"elementor-container elementor-column-gap-default\">\n\t\t\t\t\t<div class=\"elementor-column elementor-col-33 elementor-top-column elementor-element elementor-element-4651629\" data-id=\"4651629\" data-element_type=\"column\" data-e-type=\"column\">\n\t\t\t<div class=\"elementor-widget-wrap elementor-element-populated\">\n\t\t\t\t\t\t<div class=\"elementor-element elementor-element-8b5bf7a elementor-widget elementor-widget-image\" data-id=\"8b5bf7a\" data-element_type=\"widget\" data-e-type=\"widget\" data-widget_type=\"image.default\">\n\t\t\t\t<div class=\"elementor-widget-container\">\n\t\t\t\t\t\t\t\t\t\t\t\t\t\t\t<img fetchpriority=\"high\" decoding=\"async\" width=\"800\" height=\"423\" src=\"https:\/\/eis-group.de\/wp-content\/uploads\/2022\/05\/1.svg\" class=\"elementor-animation-grow attachment-large size-large wp-image-712\" alt=\"POA\" \/>\t\t\t\t\t\t\t\t\t\t\t\t\t\t\t<\/div>\n\t\t\t\t<\/div>\n\t\t\t\t\t<\/div>\n\t\t<\/div>\n\t\t\t\t<div class=\"elementor-column elementor-col-33 elementor-top-column elementor-element elementor-element-7f10667\" data-id=\"7f10667\" data-element_type=\"column\" data-e-type=\"column\">\n\t\t\t<div class=\"elementor-widget-wrap elementor-element-populated\">\n\t\t\t\t\t\t<div class=\"elementor-element elementor-element-6a73d28 elementor-widget elementor-widget-image\" data-id=\"6a73d28\" data-element_type=\"widget\" data-e-type=\"widget\" data-widget_type=\"image.default\">\n\t\t\t\t<div class=\"elementor-widget-container\">\n\t\t\t\t\t\t\t\t\t\t\t\t\t\t\t<img decoding=\"async\" width=\"800\" height=\"423\" src=\"https:\/\/eis-group.de\/wp-content\/uploads\/2022\/05\/2.svg\" class=\"elementor-animation-grow attachment-large size-large wp-image-713\" alt=\"\" \/>\t\t\t\t\t\t\t\t\t\t\t\t\t\t\t<\/div>\n\t\t\t\t<\/div>\n\t\t\t\t\t<\/div>\n\t\t<\/div>\n\t\t\t\t<div class=\"elementor-column elementor-col-33 elementor-top-column elementor-element elementor-element-9990b14\" data-id=\"9990b14\" data-element_type=\"column\" data-e-type=\"column\">\n\t\t\t<div class=\"elementor-widget-wrap elementor-element-populated\">\n\t\t\t\t\t\t<div class=\"elementor-element elementor-element-4f54ceb elementor-widget elementor-widget-image\" data-id=\"4f54ceb\" data-element_type=\"widget\" data-e-type=\"widget\" data-widget_type=\"image.default\">\n\t\t\t\t<div class=\"elementor-widget-container\">\n\t\t\t\t\t\t\t\t\t\t\t\t\t\t\t<img decoding=\"async\" width=\"800\" height=\"423\" src=\"https:\/\/eis-group.de\/wp-content\/uploads\/2022\/05\/3.svg\" class=\"elementor-animation-grow attachment-large size-large wp-image-714\" alt=\"\" \/>\t\t\t\t\t\t\t\t\t\t\t\t\t\t\t<\/div>\n\t\t\t\t<\/div>\n\t\t\t\t\t<\/div>\n\t\t<\/div>\n\t\t\t\t\t<\/div>\n\t\t<\/section>\n\t\t\t\t<section class=\"elementor-section elementor-top-section elementor-element elementor-element-d967db5 elementor-section-boxed elementor-section-height-default elementor-section-height-default\" data-id=\"d967db5\" data-element_type=\"section\" data-e-type=\"section\" data-settings=\"{&quot;background_background&quot;:&quot;classic&quot;}\">\n\t\t\t\t\t\t<div class=\"elementor-container elementor-column-gap-default\">\n\t\t\t\t\t<div class=\"elementor-column elementor-col-33 elementor-top-column elementor-element elementor-element-8175003\" data-id=\"8175003\" data-element_type=\"column\" data-e-type=\"column\">\n\t\t\t<div class=\"elementor-widget-wrap elementor-element-populated\">\n\t\t\t\t\t\t<div class=\"elementor-element elementor-element-6aa59ca elementor-widget elementor-widget-image\" data-id=\"6aa59ca\" data-element_type=\"widget\" data-e-type=\"widget\" data-widget_type=\"image.default\">\n\t\t\t\t<div class=\"elementor-widget-container\">\n\t\t\t\t\t\t\t\t\t\t\t\t\t\t\t<img loading=\"lazy\" decoding=\"async\" width=\"800\" height=\"297\" src=\"https:\/\/eis-group.de\/wp-content\/uploads\/2022\/04\/EASA-LOGO.png\" class=\"elementor-animation-grow attachment-large size-large wp-image-442\" alt=\"\" srcset=\"https:\/\/eis-group.de\/wp-content\/uploads\/2022\/04\/EASA-LOGO.png 950w, https:\/\/eis-group.de\/wp-content\/uploads\/2022\/04\/EASA-LOGO-300x111.png 300w, https:\/\/eis-group.de\/wp-content\/uploads\/2022\/04\/EASA-LOGO-768x285.png 768w\" sizes=\"(max-width: 800px) 100vw, 800px\" \/>\t\t\t\t\t\t\t\t\t\t\t\t\t\t\t<\/div>\n\t\t\t\t<\/div>\n\t\t\t\t\t<\/div>\n\t\t<\/div>\n\t\t\t\t<div class=\"elementor-column elementor-col-33 elementor-top-column elementor-element elementor-element-0e21cff\" data-id=\"0e21cff\" data-element_type=\"column\" data-e-type=\"column\">\n\t\t\t<div class=\"elementor-widget-wrap elementor-element-populated\">\n\t\t\t\t\t\t<div class=\"elementor-element elementor-element-c79a5b2 elementor-widget elementor-widget-image\" data-id=\"c79a5b2\" data-element_type=\"widget\" data-e-type=\"widget\" data-widget_type=\"image.default\">\n\t\t\t\t<div class=\"elementor-widget-container\">\n\t\t\t\t\t\t\t\t\t\t\t\t\t\t\t<img loading=\"lazy\" decoding=\"async\" width=\"800\" height=\"423\" src=\"https:\/\/eis-group.de\/wp-content\/uploads\/2022\/05\/5.svg\" class=\"elementor-animation-grow attachment-large size-large wp-image-716\" alt=\"\" \/>\t\t\t\t\t\t\t\t\t\t\t\t\t\t\t<\/div>\n\t\t\t\t<\/div>\n\t\t\t\t\t<\/div>\n\t\t<\/div>\n\t\t\t\t<div class=\"elementor-column elementor-col-33 elementor-top-column elementor-element elementor-element-00a7679\" data-id=\"00a7679\" data-element_type=\"column\" data-e-type=\"column\">\n\t\t\t<div class=\"elementor-widget-wrap elementor-element-populated\">\n\t\t\t\t\t\t<div class=\"elementor-element elementor-element-3e87cff elementor-widget elementor-widget-image\" data-id=\"3e87cff\" data-element_type=\"widget\" data-e-type=\"widget\" data-widget_type=\"image.default\">\n\t\t\t\t<div class=\"elementor-widget-container\">\n\t\t\t\t\t\t\t\t\t\t\t\t\t\t\t<img loading=\"lazy\" decoding=\"async\" width=\"629\" height=\"333\" src=\"https:\/\/eis-group.de\/wp-content\/uploads\/2022\/05\/unnamed-file.png\" class=\"elementor-animation-grow attachment-large size-large wp-image-719\" alt=\"FAA\" srcset=\"https:\/\/eis-group.de\/wp-content\/uploads\/2022\/05\/unnamed-file.png 629w, https:\/\/eis-group.de\/wp-content\/uploads\/2022\/05\/unnamed-file-300x159.png 300w\" sizes=\"(max-width: 629px) 100vw, 629px\" \/>\t\t\t\t\t\t\t\t\t\t\t\t\t\t\t<\/div>\n\t\t\t\t<\/div>\n\t\t\t\t\t<\/div>\n\t\t<\/div>\n\t\t\t\t\t<\/div>\n\t\t<\/section>\n\t\t\t\t<section class=\"elementor-section elementor-top-section elementor-element elementor-element-d7b8f41 elementor-section-boxed elementor-section-height-default elementor-section-height-default\" data-id=\"d7b8f41\" data-element_type=\"section\" data-e-type=\"section\">\n\t\t\t\t\t\t<div class=\"elementor-container elementor-column-gap-default\">\n\t\t\t\t\t<div class=\"elementor-column elementor-col-33 elementor-top-column elementor-element elementor-element-ae9e180\" data-id=\"ae9e180\" data-element_type=\"column\" data-e-type=\"column\">\n\t\t\t<div class=\"elementor-widget-wrap elementor-element-populated\">\n\t\t\t\t\t\t<div class=\"elementor-element elementor-element-5ad53d0 elementor-icon-list--layout-traditional elementor-list-item-link-full_width elementor-widget elementor-widget-icon-list\" data-id=\"5ad53d0\" data-element_type=\"widget\" data-e-type=\"widget\" data-widget_type=\"icon-list.default\">\n\t\t\t\t<div class=\"elementor-widget-container\">\n\t\t\t\t\t\t\t<ul class=\"elementor-icon-list-items\">\n\t\t\t\t\t\t\t<li class=\"elementor-icon-list-item\">\n\t\t\t\t\t\t\t\t\t\t\t<a href=\"https:\/\/eis-group.de\/wp-content\/uploads\/2024\/07\/EASA.21J.798.pdf\" target=\"_blank\">\n\n\t\t\t\t\t\t\t\t\t\t\t\t<span class=\"elementor-icon-list-icon\">\n\t\t\t\t\t\t\t<i aria-hidden=\"true\" class=\"fas fa-check\"><\/i>\t\t\t\t\t\t<\/span>\n\t\t\t\t\t\t\t\t\t\t<span class=\"elementor-icon-list-text\">EASA 21 Subpart J \/ Development<\/span>\n\t\t\t\t\t\t\t\t\t\t\t<\/a>\n\t\t\t\t\t\t\t\t\t<\/li>\n\t\t\t\t\t\t\t\t<li class=\"elementor-icon-list-item\">\n\t\t\t\t\t\t\t\t\t\t\t<a href=\"https:\/\/eis-group.de\/wp-content\/uploads\/2024\/07\/DE.21G.0192-REV.2-with-TOA.pdf\" target=\"_blank\">\n\n\t\t\t\t\t\t\t\t\t\t\t\t<span class=\"elementor-icon-list-icon\">\n\t\t\t\t\t\t\t<i aria-hidden=\"true\" class=\"fas fa-check\"><\/i>\t\t\t\t\t\t<\/span>\n\t\t\t\t\t\t\t\t\t\t<span class=\"elementor-icon-list-text\">\tEASA 21 Subpart G \/ Manufacturing<\/span>\n\t\t\t\t\t\t\t\t\t\t\t<\/a>\n\t\t\t\t\t\t\t\t\t<\/li>\n\t\t\t\t\t\t<\/ul>\n\t\t\t\t\t\t<\/div>\n\t\t\t\t<\/div>\n\t\t\t\t\t<\/div>\n\t\t<\/div>\n\t\t\t\t<div class=\"elementor-column elementor-col-33 elementor-top-column elementor-element elementor-element-ae4869a\" data-id=\"ae4869a\" data-element_type=\"column\" data-e-type=\"column\">\n\t\t\t<div class=\"elementor-widget-wrap elementor-element-populated\">\n\t\t\t\t\t\t<div class=\"elementor-element elementor-element-db4189c elementor-icon-list--layout-traditional elementor-list-item-link-full_width elementor-widget elementor-widget-icon-list\" data-id=\"db4189c\" data-element_type=\"widget\" data-e-type=\"widget\" data-widget_type=\"icon-list.default\">\n\t\t\t\t<div class=\"elementor-widget-container\">\n\t\t\t\t\t\t\t<ul class=\"elementor-icon-list-items\">\n\t\t\t\t\t\t\t<li class=\"elementor-icon-list-item\">\n\t\t\t\t\t\t\t\t\t\t\t<a href=\"https:\/\/eis-group.de\/wp-content\/uploads\/2024\/07\/DE.145.1014-with-TOA.pdf\" target=\"_blank\">\n\n\t\t\t\t\t\t\t\t\t\t\t\t<span class=\"elementor-icon-list-icon\">\n\t\t\t\t\t\t\t<i aria-hidden=\"true\" class=\"fas fa-check\"><\/i>\t\t\t\t\t\t<\/span>\n\t\t\t\t\t\t\t\t\t\t<span class=\"elementor-icon-list-text\">EASA 145 \/ Maintenance<\/span>\n\t\t\t\t\t\t\t\t\t\t\t<\/a>\n\t\t\t\t\t\t\t\t\t<\/li>\n\t\t\t\t\t\t\t\t<li class=\"elementor-icon-list-item\">\n\t\t\t\t\t\t\t\t\t\t\t<a href=\"https:\/\/eis-group.de\/wp-content\/uploads\/2025\/02\/FAA-3I5Y688D-Cert-OpSpecs_DE_valid-till-2027-02-28-signed-FAA.pdf\" target=\"_blank\">\n\n\t\t\t\t\t\t\t\t\t\t\t\t<span class=\"elementor-icon-list-icon\">\n\t\t\t\t\t\t\t<i aria-hidden=\"true\" class=\"fas fa-check\"><\/i>\t\t\t\t\t\t<\/span>\n\t\t\t\t\t\t\t\t\t\t<span class=\"elementor-icon-list-text\">FAA Repair Station Approval<\/span>\n\t\t\t\t\t\t\t\t\t\t\t<\/a>\n\t\t\t\t\t\t\t\t\t<\/li>\n\t\t\t\t\t\t<\/ul>\n\t\t\t\t\t\t<\/div>\n\t\t\t\t<\/div>\n\t\t\t\t\t<\/div>\n\t\t<\/div>\n\t\t\t\t<div class=\"elementor-column elementor-col-33 elementor-top-column elementor-element elementor-element-c625a58\" data-id=\"c625a58\" data-element_type=\"column\" data-e-type=\"column\">\n\t\t\t<div class=\"elementor-widget-wrap elementor-element-populated\">\n\t\t\t\t\t\t<div class=\"elementor-element elementor-element-ea40b77 elementor-icon-list--layout-traditional elementor-list-item-link-full_width elementor-widget elementor-widget-icon-list\" data-id=\"ea40b77\" data-element_type=\"widget\" data-e-type=\"widget\" data-widget_type=\"icon-list.default\">\n\t\t\t\t<div class=\"elementor-widget-container\">\n\t\t\t\t\t\t\t<ul class=\"elementor-icon-list-items\">\n\t\t\t\t\t\t\t<li class=\"elementor-icon-list-item\">\n\t\t\t\t\t\t\t\t\t\t\t<span class=\"elementor-icon-list-icon\">\n\t\t\t\t\t\t\t<i aria-hidden=\"true\" class=\"fas fa-check\"><\/i>\t\t\t\t\t\t<\/span>\n\t\t\t\t\t\t\t\t\t\t<span class=\"elementor-icon-list-text\">CCI education and training certificate<\/span>\n\t\t\t\t\t\t\t\t\t<\/li>\n\t\t\t\t\t\t\t\t<li class=\"elementor-icon-list-item\">\n\t\t\t\t\t\t\t\t\t\t\t<span class=\"elementor-icon-list-icon\">\n\t\t\t\t\t\t\t<i aria-hidden=\"true\" class=\"fas fa-check\"><\/i>\t\t\t\t\t\t<\/span>\n\t\t\t\t\t\t\t\t\t\t<span class=\"elementor-icon-list-text\">Licence for labour leasing<\/span>\n\t\t\t\t\t\t\t\t\t<\/li>\n\t\t\t\t\t\t<\/ul>\n\t\t\t\t\t\t<\/div>\n\t\t\t\t<\/div>\n\t\t\t\t\t<\/div>\n\t\t<\/div>\n\t\t\t\t\t<\/div>\n\t\t<\/section>\n\t\t\t\t<section class=\"elementor-section elementor-top-section elementor-element elementor-element-5d0ea25 elementor-section-height-min-height elementor-section-boxed elementor-section-height-default elementor-section-items-middle\" data-id=\"5d0ea25\" data-element_type=\"section\" data-e-type=\"section\" data-settings=\"{&quot;background_background&quot;:&quot;classic&quot;}\">\n\t\t\t\t\t\t<div class=\"elementor-container elementor-column-gap-default\">\n\t\t\t\t\t<div class=\"elementor-column elementor-col-50 elementor-top-column elementor-element elementor-element-10ce1dd\" data-id=\"10ce1dd\" data-element_type=\"column\" data-e-type=\"column\">\n\t\t\t<div class=\"elementor-widget-wrap elementor-element-populated\">\n\t\t\t\t\t\t<div class=\"elementor-element elementor-element-78047ba elementor-widget elementor-widget-heading\" data-id=\"78047ba\" data-element_type=\"widget\" data-e-type=\"widget\" data-widget_type=\"heading.default\">\n\t\t\t\t<div class=\"elementor-widget-container\">\n\t\t\t\t\t<h2 class=\"elementor-heading-title elementor-size-default\">DIN EN 9100<\/h2>\t\t\t\t<\/div>\n\t\t\t\t<\/div>\n\t\t\t\t<div class=\"elementor-element elementor-element-104e70b elementor-widget elementor-widget-text-editor\" data-id=\"104e70b\" data-element_type=\"widget\" data-e-type=\"widget\" data-widget_type=\"text-editor.default\">\n\t\t\t\t<div class=\"elementor-widget-container\">\n\t\t\t\t\t\t\t\t\t<p>To ensure product and service quality, E.I.S Aircraft has implemented a quality management system in accordance with DIN EN 9100:2018 so that all value-added processes are documented, managed, measured and continuously improved.<\/p>\t\t\t\t\t\t\t\t<\/div>\n\t\t\t\t<\/div>\n\t\t\t\t\t<\/div>\n\t\t<\/div>\n\t\t\t\t<div class=\"elementor-column elementor-col-50 elementor-top-column elementor-element elementor-element-89b4291\" data-id=\"89b4291\" data-element_type=\"column\" data-e-type=\"column\">\n\t\t\t<div class=\"elementor-widget-wrap elementor-element-populated\">\n\t\t\t\t\t\t<div class=\"elementor-element elementor-element-e11a47e elementor-align-center elementor-widget elementor-widget-button\" data-id=\"e11a47e\" data-element_type=\"widget\" data-e-type=\"widget\" data-widget_type=\"button.default\">\n\t\t\t\t<div class=\"elementor-widget-container\">\n\t\t\t\t\t\t\t\t\t<div class=\"elementor-button-wrapper\">\n\t\t\t\t\t<a class=\"elementor-button elementor-button-link elementor-size-sm\" href=\"https:\/\/eis-group.de\/wp-content\/uploads\/2024\/08\/EN-9100-Demgy-EIS-Group-Zert.pdf\" target=\"_blank\">\n\t\t\t\t\t\t<span class=\"elementor-button-content-wrapper\">\n\t\t\t\t\t\t\t\t\t<span class=\"elementor-button-text\">DIN EN 9100 (DE)<\/span>\n\t\t\t\t\t<\/span>\n\t\t\t\t\t<\/a>\n\t\t\t\t<\/div>\n\t\t\t\t\t\t\t\t<\/div>\n\t\t\t\t<\/div>\n\t\t\t\t\t<\/div>\n\t\t<\/div>\n\t\t\t\t\t<\/div>\n\t\t<\/section>\n\t\t\t\t<\/div>","protected":false},"excerpt":{"rendered":"<p>Zulassungen und Zertifizierungen DEMGY EIS bietet seinen Kunden innovative Produkte und garantiert qualitativ hochwertige Services f\u00fcr das gesamte Portfolio. Strenge und fortw\u00e4hrende Qualit\u00e4tskontrollen durch nationale und internationale Luftfahrtbeh\u00f6rden sowie Audits von Gro\u00dfkunden meistern wir erfolgreich. Unsere L\u00f6sungen sind unser Alleinstellungsmerkmal. Nicht ohne Grund blicken wir auf einen internationalen Kundenstamm mit exklusiven, langfristigen Beziehungen. Wir bearbeiten [&hellip;]<\/p>\n","protected":false},"author":1,"featured_media":0,"parent":0,"menu_order":0,"comment_status":"closed","ping_status":"closed","template":"","meta":{"inline_featured_image":false,"footnotes":""},"class_list":["post-377","page","type-page","status-publish","hentry"],"yoast_head":"<!-- This site is optimized with the Yoast SEO plugin v27.3 - https:\/\/yoast.com\/product\/yoast-seo-wordpress\/ -->\n<title>Zertifizierungen - DEMGY EIS GmbH<\/title>\n<meta name=\"robots\" content=\"index, follow, max-snippet:-1, max-image-preview:large, max-video-preview:-1\" \/>\n<link rel=\"canonical\" href=\"https:\/\/eis-group.de\/en\/zertifizierungen\/\" \/>\n<meta property=\"og:locale\" content=\"en_US\" \/>\n<meta property=\"og:type\" content=\"article\" \/>\n<meta property=\"og:title\" content=\"Zertifizierungen - DEMGY EIS GmbH\" \/>\n<meta property=\"og:description\" content=\"Zulassungen und Zertifizierungen DEMGY EIS bietet seinen Kunden innovative Produkte und garantiert qualitativ hochwertige Services f\u00fcr das gesamte Portfolio. Strenge und fortw\u00e4hrende Qualit\u00e4tskontrollen durch nationale und internationale Luftfahrtbeh\u00f6rden sowie Audits von Gro\u00dfkunden meistern wir erfolgreich. Unsere L\u00f6sungen sind unser Alleinstellungsmerkmal. Nicht ohne Grund blicken wir auf einen internationalen Kundenstamm mit exklusiven, langfristigen Beziehungen. Wir bearbeiten [&hellip;]\" \/>\n<meta property=\"og:url\" content=\"https:\/\/eis-group.de\/en\/zertifizierungen\/\" \/>\n<meta property=\"og:site_name\" content=\"DEMGY EIS GmbH\" \/>\n<meta property=\"article:modified_time\" content=\"2026-02-06T07:16:33+00:00\" \/>\n<meta name=\"twitter:card\" content=\"summary_large_image\" \/>\n<meta name=\"twitter:label1\" content=\"Est. reading time\" \/>\n\t<meta name=\"twitter:data1\" content=\"2 minutes\" \/>\n<!-- \/ Yoast SEO plugin. -->","yoast_head_json":{"title":"Zertifizierungen - DEMGY EIS GmbH","robots":{"index":"index","follow":"follow","max-snippet":"max-snippet:-1","max-image-preview":"max-image-preview:large","max-video-preview":"max-video-preview:-1"},"canonical":"https:\/\/eis-group.de\/en\/zertifizierungen\/","og_locale":"en_US","og_type":"article","og_title":"Zertifizierungen - DEMGY EIS GmbH","og_description":"Zulassungen und Zertifizierungen DEMGY EIS bietet seinen Kunden innovative Produkte und garantiert qualitativ hochwertige Services f\u00fcr das gesamte Portfolio. Strenge und fortw\u00e4hrende Qualit\u00e4tskontrollen durch nationale und internationale Luftfahrtbeh\u00f6rden sowie Audits von Gro\u00dfkunden meistern wir erfolgreich. Unsere L\u00f6sungen sind unser Alleinstellungsmerkmal. Nicht ohne Grund blicken wir auf einen internationalen Kundenstamm mit exklusiven, langfristigen Beziehungen. Wir bearbeiten [&hellip;]","og_url":"https:\/\/eis-group.de\/en\/zertifizierungen\/","og_site_name":"DEMGY EIS GmbH","article_modified_time":"2026-02-06T07:16:33+00:00","twitter_card":"summary_large_image","twitter_misc":{"Est. reading time":"2 minutes"},"schema":{"@context":"https:\/\/schema.org","@graph":[{"@type":"WebPage","@id":"https:\/\/eis-group.de\/zertifizierungen","url":"https:\/\/eis-group.de\/zertifizierungen","name":"Zertifizierungen - DEMGY EIS GmbH","isPartOf":{"@id":"https:\/\/eis-group.de\/#website"},"primaryImageOfPage":{"@id":"https:\/\/eis-group.de\/zertifizierungen#primaryimage"},"image":{"@id":"https:\/\/eis-group.de\/zertifizierungen#primaryimage"},"thumbnailUrl":"https:\/\/eis-group.de\/wp-content\/uploads\/2022\/05\/1.svg","datePublished":"2022-04-19T09:35:29+00:00","dateModified":"2026-02-06T07:16:33+00:00","breadcrumb":{"@id":"https:\/\/eis-group.de\/zertifizierungen#breadcrumb"},"inLanguage":"en-US","potentialAction":[{"@type":"ReadAction","target":["https:\/\/eis-group.de\/zertifizierungen"]}]},{"@type":"ImageObject","inLanguage":"en-US","@id":"https:\/\/eis-group.de\/zertifizierungen#primaryimage","url":"https:\/\/eis-group.de\/wp-content\/uploads\/2022\/05\/1.svg","contentUrl":"https:\/\/eis-group.de\/wp-content\/uploads\/2022\/05\/1.svg"},{"@type":"BreadcrumbList","@id":"https:\/\/eis-group.de\/zertifizierungen#breadcrumb","itemListElement":[{"@type":"ListItem","position":1,"name":"Startseite","item":"https:\/\/eis-group.de\/"},{"@type":"ListItem","position":2,"name":"Zertifizierungen"}]},{"@type":"WebSite","@id":"https:\/\/eis-group.de\/#website","url":"https:\/\/eis-group.de\/","name":"DEMGY EIS","description":"Ein Unternehmen der DEMGY Group","publisher":{"@id":"https:\/\/eis-group.de\/#organization"},"potentialAction":[{"@type":"SearchAction","target":{"@type":"EntryPoint","urlTemplate":"https:\/\/eis-group.de\/?s={search_term_string}"},"query-input":{"@type":"PropertyValueSpecification","valueRequired":true,"valueName":"search_term_string"}}],"inLanguage":"en-US"},{"@type":"Organization","@id":"https:\/\/eis-group.de\/#organization","name":"DEMGY EIS","url":"https:\/\/eis-group.de\/","logo":{"@type":"ImageObject","inLanguage":"en-US","@id":"https:\/\/eis-group.de\/#\/schema\/logo\/image\/","url":"https:\/\/eis-group.de\/wp-content\/uploads\/2022\/04\/DEMGY_LOGOTYPE_AVEC-BASELINE-1.png","contentUrl":"https:\/\/eis-group.de\/wp-content\/uploads\/2022\/04\/DEMGY_LOGOTYPE_AVEC-BASELINE-1.png","width":4725,"height":2363,"caption":"DEMGY EIS"},"image":{"@id":"https:\/\/eis-group.de\/#\/schema\/logo\/image\/"}}]}},"_links":{"self":[{"href":"https:\/\/eis-group.de\/en\/wp-json\/wp\/v2\/pages\/377","targetHints":{"allow":["GET"]}}],"collection":[{"href":"https:\/\/eis-group.de\/en\/wp-json\/wp\/v2\/pages"}],"about":[{"href":"https:\/\/eis-group.de\/en\/wp-json\/wp\/v2\/types\/page"}],"author":[{"embeddable":true,"href":"https:\/\/eis-group.de\/en\/wp-json\/wp\/v2\/users\/1"}],"replies":[{"embeddable":true,"href":"https:\/\/eis-group.de\/en\/wp-json\/wp\/v2\/comments?post=377"}],"version-history":[{"count":91,"href":"https:\/\/eis-group.de\/en\/wp-json\/wp\/v2\/pages\/377\/revisions"}],"predecessor-version":[{"id":3592,"href":"https:\/\/eis-group.de\/en\/wp-json\/wp\/v2\/pages\/377\/revisions\/3592"}],"wp:attachment":[{"href":"https:\/\/eis-group.de\/en\/wp-json\/wp\/v2\/media?parent=377"}],"curies":[{"name":"wp","href":"https:\/\/api.w.org\/{rel}","templated":true}]}}