{"id":232,"date":"2022-04-19T08:22:17","date_gmt":"2022-04-19T08:22:17","guid":{"rendered":"https:\/\/relaunch.eis-group.de\/?page_id=232"},"modified":"2025-01-08T11:32:50","modified_gmt":"2025-01-08T11:32:50","slug":"datenschutzerklaerung","status":"publish","type":"page","link":"https:\/\/eis-group.de\/en\/datenschutzerklaerung","title":{"rendered":"Privacy Policy"},"content":{"rendered":"<div data-elementor-type=\"wp-page\" data-elementor-id=\"232\" class=\"elementor elementor-232\" data-elementor-post-type=\"page\">\n\t\t\t\t\t\t<section class=\"elementor-section elementor-top-section elementor-element elementor-element-218002f elementor-section-boxed elementor-section-height-default elementor-section-height-default\" data-id=\"218002f\" data-element_type=\"section\" data-e-type=\"section\">\n\t\t\t\t\t\t<div class=\"elementor-container elementor-column-gap-default\">\n\t\t\t\t\t<div class=\"elementor-column elementor-col-100 elementor-top-column elementor-element elementor-element-d35df24\" data-id=\"d35df24\" data-element_type=\"column\" data-e-type=\"column\">\n\t\t\t<div class=\"elementor-widget-wrap elementor-element-populated\">\n\t\t\t\t\t\t<div class=\"elementor-element elementor-element-9a840ad elementor-widget elementor-widget-heading\" data-id=\"9a840ad\" data-element_type=\"widget\" data-e-type=\"widget\" data-widget_type=\"heading.default\">\n\t\t\t\t<div class=\"elementor-widget-container\">\n\t\t\t\t\t<h2 class=\"elementor-heading-title elementor-size-default\">Datenschutzerkl\u00e4rung der DEMGY EIS GmbH<\/h2>\t\t\t\t<\/div>\n\t\t\t\t<\/div>\n\t\t\t\t<div class=\"elementor-element elementor-element-51716d4 elementor-widget elementor-widget-text-editor\" data-id=\"51716d4\" data-element_type=\"widget\" data-e-type=\"widget\" data-widget_type=\"text-editor.default\">\n\t\t\t\t<div class=\"elementor-widget-container\">\n\t\t\t\t\t\t\t\t\t<p>The protection of your privacy is very important to us. We want you to know when we collect, store, process, transmit and use which personal data (hereinafter: \"personal data\"). As a company under private law, we are subject to the provisions of data protection law. We have taken technical and organizational measures to ensure that the regulations on data protection are observed both by us and by our external service providers. Below we inform you about the handling of your personal data.<\/p>\n<p><strong>Kontaktformular &amp; Bewerbungsformular<\/strong><\/p>\n<p>Wenn Sie uns per Kontaktformular und\/oder Bewerbungsformular Anfragen zukommen lassen, werden Ihre Angaben aus dem Formular zur Bearbeitung der Anfrage und f\u00fcr den Fall von Anschlussfragen bei uns gespeichert.<\/p>\n<p>Mandatory fields are marked accordingly. The completion of mandatory fields is necessary so that we can answer and process your requests. Otherwise, all information is voluntary.<\/p>\n<p>The processing of the data entered in the contact form is based exclusively on your consent (Art. 6 para. 1 letter a DSGVO). You can revoke this consent at any time. A revocation is only valid for the future.<\/p>\n<p>We will not pass on your data to third parties without your consent or without another legal basis.<\/p>\n<p>The data you enter in the contact form will remain with us until you request us to delete it, revoke your consent to store it, or the purpose for storing the data no longer applies (e.g. after we have completed processing your request). Mandatory legal provisions - in particular retention periods - remain unaffected.<\/p>\n<p><strong>Server log files<\/strong><\/p>\n<p>The provider of the pages automatically collects and stores information in so-called server log files, which your browser automatically transmits to us. These are mainly:<\/p>\n<ul>\n<li>browser type and browser version<\/li>\n<li>Operating system used<\/li>\n<li>referrer URL (address of origin)<\/li>\n<li>Host name of the accessing computer<\/li>\n<li>Date and time of the server request<\/li>\n<li>IP adress<\/li>\n<\/ul>\n<p>This data is not merged with other data sources.<\/p>\n<p>Grundlage f\u00fcr die Datenverarbeitung ist \u00a7 25 Abs. 2 Nr. 2 TTDSG. Wir haben ein Interesse an einem sicheren und st\u00f6rungsfreien Betrieb des Webservers. Um ihn sicherzustellen, muss die Administration \u00fcber Serverlogfiles Angriffe und Fehlfunktionen des Systems erkennen und nachvollziehen k\u00f6nnen. Um Angriffsmuster erkennen zu k\u00f6nnen, m\u00fcssen Zugriffe auf den Server gespeichert werden. Sobald diese Daten nicht mehr ben\u00f6tigt werden, werden sie gel\u00f6scht. Die Daten stehen aus technischen Gr\u00fcnden dem Hosting-Dienstleister zur Verf\u00fcgung, der uns gegen\u00fcber jedoch weisungsgebunden und vertraglich verpflichtet ist.<\/p>\n<p><strong>Use of Cookies<\/strong><\/p>\n<p>If - after the appearance of our notice on the use of cookies and the analysis of your user behavior on our homepage - you (i) use our online offer (in particular, surf our websites) and (ii) have allowed the acceptance of cookies in the settings of your browser, this means for us that you want to use our website and agree to the use of cookies for this purpose.<\/p>\n<p>We use so-called cookies or flash cookies, text files that contain a small amount of information that is stored on your device and receives certain information when your web browser opens our website. This information and content enables us to make our content available to you and to provide our services to you.<\/p>\n<p>You can set your browser so that you are informed about the setting of cookies and only allow cookies in individual cases, exclude the acceptance of cookies for certain cases or in general, as well as activate the automatic deletion of cookies when closing the browser. If cookies are deactivated, the functionality of this website may be limited.<\/p>\n<p>Cookies that are required to carry out the electronic communication process or to provide certain functions that you have requested are stored on the basis of Art. 6 (1) f DSGVO. We have a legitimate interest in storing cookies for the technically error-free and optimized provision of our services. Insofar as other cookies (e.g. cookies for analyzing your surfing behavior) are stored, these are explained separately in this privacy policy.<\/p>\n<p>Auf unserer Website werden Cookies wie folgt und von folgenden Drittanbietern gespeichert:<\/p>\n<p><span lang=\"EN-US\" style=\"font-size:11.0pt;font-family: &quot;Aptos&quot;,sans-serif;mso-fareast-font-family:&quot;Times New Roman&quot;;mso-bidi-font-family: Aptos;mso-ligatures:standardcontextual;mso-ansi-language:EN-US;mso-fareast-language: EN-US;mso-bidi-language:AR-SA\">Dienst: Complianz GDPR\/CCPA Cookie Consent<\/span><\/p>\n<p><span lang=\"EN-US\" style=\"font-size:11.0pt;font-family: &quot;Aptos&quot;,sans-serif;mso-fareast-font-family:&quot;Times New Roman&quot;;mso-bidi-font-family: Aptos;mso-ligatures:standardcontextual;mso-ansi-language:EN-US;mso-fareast-language: EN-US;mso-bidi-language:AR-SA\">Zweck der Datenverarbeitung: Speicherung Ihrer Einstellungen zur Akzeptanz von Cookies auf unserer Website.<\/span><\/p>\n<p><span lang=\"EN-US\" style=\"font-size:11.0pt;font-family: &quot;Aptos&quot;,sans-serif;mso-fareast-font-family:&quot;Times New Roman&quot;;mso-bidi-font-family: Aptos;mso-ligatures:standardcontextual;mso-ansi-language:EN-US;mso-fareast-language: EN-US;mso-bidi-language:AR-SA\">Betreiber des Dienstes:&nbsp;https:\/\/complianz.io<\/span><\/p><p><span lang=\"EN-US\" style=\"font-size:11.0pt;font-family: &quot;Aptos&quot;,sans-serif;mso-fareast-font-family:&quot;Times New Roman&quot;;mso-bidi-font-family: Aptos;mso-ligatures:standardcontextual;mso-ansi-language:EN-US;mso-fareast-language: EN-US;mso-bidi-language:AR-SA\">Speicherdauer: 365 Tage<\/span><\/p>\n<p><span lang=\"EN-US\" style=\"font-size:11.0pt;font-family: &quot;Aptos&quot;,sans-serif;mso-fareast-font-family:&quot;Times New Roman&quot;;mso-bidi-font-family: Aptos;mso-ligatures:standardcontextual;mso-ansi-language:EN-US;mso-fareast-language: EN-US;mso-bidi-language:AR-SA\"><br><\/span><\/p>\n<p><strong>Google Web Fonts<\/strong><\/p>\n<p>Our website uses so-called web fonts provided by Google for the uniform display of certain fonts. When you call up a page, your browser loads the required fonts directly from Google in order to be able to display them correctly on your end device. In doing so, your browser establishes a connection to Google's servers in the USA. This enables Google to know that our website has been accessed via your IP address.<\/p>\n<p>The use of Google Web Fonts is necessary to ensure a consistent typeface on our website. This constitutes a legitimate interest within the meaning of Art. 6 (1) f DSGVO.<\/p>\n<p>Further information on Google Web Fonts can be found at https:\/\/developers.google.com\/fonts\/faq and in Google's privacy policy: https:\/\/www.google.com\/policies\/privacy.<\/p>\n<p><strong>Your rights, contact person for data protection<\/strong><\/p>\n<p>Als Betroffener stehen Ihnen die folgenden Rechte zu, soweit die gesetzlichen Voraussetzungen daf\u00fcr erf\u00fcllt sind:<\/p>\n<ul>\n<li>\n<p>Recht auf Auskunft, Art. 15 DSGVO<\/p>\n<\/li>\n<li>\n<p>Recht auf Berichtigung, Art. 16 DSGVO<\/p>\n<\/li>\n<li>\n<p>Recht auf L\u00f6schung, Art. 17 DSGVO<\/p>\n<\/li>\n<li>\n<p>Recht auf Einschr\u00e4nkung der Verarbeitung, Art. 18 DSGVO<\/p>\n<\/li>\n<li>\n<p>Recht auf Daten\u00fcbertragbarkeit, Art. 20 DSGVO<\/p>\n<\/li>\n<li>\n<p>Widerspruchsrecht, Art. 21 DSGVO<\/p>\n<\/li>\n<\/ul>\n<p>Sie besitzen das Recht, Ihre erteilte Einwilligung zur Verarbeitung der Daten jederzeit mit Wirkung f\u00fcr die Zukunft zu widerrufen. Zudem haben Sie das Recht, sich bei der Datenschutz-Aufsichtsbeh\u00f6rde \u00fcber die Datenverarbeitung zu beschweren.<\/p>\n<p>Verantwortlich f\u00fcr die Datenverarbeitung auf diesen Internetseiten ist die DEMGY EIS GmbH. Die Kontaktdaten finden Sie im Impressum.<\/p>\n<p>You can reach the data protection officer at:<\/p>\n<p>fox-on Datenschutz GmbH<br>Pollerhofstra\u00dfe 33a<br>51789 Lindlar\/K\u00f6ln<\/p>\n<p>Germany<\/p>\n<p><u><a href=\"http:\/\/www.fox-on.com\/\">www.fox-on.com<br><\/a><\/u>Mail: &nbsp;&nbsp;&nbsp;&nbsp;<u><a href=\"mailto:dsb@fox-on.com\">dsb@fox-on.com<br><\/a><\/u>Tel.: &nbsp;&nbsp;&nbsp;&nbsp; +49 (2266) 9015 920<\/p>\t\t\t\t\t\t\t\t<\/div>\n\t\t\t\t<\/div>\n\t\t\t\t\t<\/div>\n\t\t<\/div>\n\t\t\t\t\t<\/div>\n\t\t<\/section>\n\t\t\t\t<\/div>","protected":false},"excerpt":{"rendered":"<p>Datenschutzerkl\u00e4rung der DEMGY EIS GmbH Der Schutz Ihrer Privatsph\u00e4re ist f\u00fcr uns sehr wichtig. Wir m\u00f6chten, dass Sie wissen, wann wir welche personenbezogenen Daten (nachfolgend: \u201epersonenbezogene Daten\u201c) erheben, speichern, verarbeiten, \u00fcbermitteln und nutzen. Als privatrechtliches Unternehmen unterliegen wir den datenschutzrechtlichen Bestimmungen. Wir haben technische und organisatorische Ma\u00dfnahmen getroffen, die sicherstellen, dass die Vorschriften \u00fcber den [&hellip;]<\/p>\n","protected":false},"author":1,"featured_media":0,"parent":0,"menu_order":0,"comment_status":"closed","ping_status":"closed","template":"","meta":{"inline_featured_image":false,"footnotes":""},"class_list":["post-232","page","type-page","status-publish","hentry"],"yoast_head":"<!-- This site is optimized with the Yoast SEO plugin v27.3 - https:\/\/yoast.com\/product\/yoast-seo-wordpress\/ -->\n<title>Datenschutzerkl\u00e4rung - DEMGY EIS GmbH<\/title>\n<meta name=\"robots\" content=\"index, follow, max-snippet:-1, max-image-preview:large, max-video-preview:-1\" \/>\n<link rel=\"canonical\" href=\"https:\/\/eis-group.de\/en\/datenschutzerklaerung\/\" \/>\n<meta property=\"og:locale\" content=\"en_US\" \/>\n<meta property=\"og:type\" content=\"article\" \/>\n<meta property=\"og:title\" content=\"Datenschutzerkl\u00e4rung - DEMGY EIS GmbH\" \/>\n<meta property=\"og:description\" content=\"Datenschutzerkl\u00e4rung der DEMGY EIS GmbH Der Schutz Ihrer Privatsph\u00e4re ist f\u00fcr uns sehr wichtig. Wir m\u00f6chten, dass Sie wissen, wann wir welche personenbezogenen Daten (nachfolgend: \u201epersonenbezogene Daten\u201c) erheben, speichern, verarbeiten, \u00fcbermitteln und nutzen. Als privatrechtliches Unternehmen unterliegen wir den datenschutzrechtlichen Bestimmungen. Wir haben technische und organisatorische Ma\u00dfnahmen getroffen, die sicherstellen, dass die Vorschriften \u00fcber den [&hellip;]\" \/>\n<meta property=\"og:url\" content=\"https:\/\/eis-group.de\/en\/datenschutzerklaerung\/\" \/>\n<meta property=\"og:site_name\" content=\"DEMGY EIS GmbH\" \/>\n<meta property=\"article:modified_time\" content=\"2025-01-08T11:32:50+00:00\" \/>\n<meta name=\"twitter:card\" content=\"summary_large_image\" \/>\n<meta name=\"twitter:label1\" content=\"Est. reading time\" \/>\n\t<meta name=\"twitter:data1\" content=\"5 minutes\" \/>\n<!-- \/ Yoast SEO plugin. -->","yoast_head_json":{"title":"Datenschutzerkl\u00e4rung - DEMGY EIS GmbH","robots":{"index":"index","follow":"follow","max-snippet":"max-snippet:-1","max-image-preview":"max-image-preview:large","max-video-preview":"max-video-preview:-1"},"canonical":"https:\/\/eis-group.de\/en\/datenschutzerklaerung\/","og_locale":"en_US","og_type":"article","og_title":"Datenschutzerkl\u00e4rung - DEMGY EIS GmbH","og_description":"Datenschutzerkl\u00e4rung der DEMGY EIS GmbH Der Schutz Ihrer Privatsph\u00e4re ist f\u00fcr uns sehr wichtig. Wir m\u00f6chten, dass Sie wissen, wann wir welche personenbezogenen Daten (nachfolgend: \u201epersonenbezogene Daten\u201c) erheben, speichern, verarbeiten, \u00fcbermitteln und nutzen. Als privatrechtliches Unternehmen unterliegen wir den datenschutzrechtlichen Bestimmungen. Wir haben technische und organisatorische Ma\u00dfnahmen getroffen, die sicherstellen, dass die Vorschriften \u00fcber den [&hellip;]","og_url":"https:\/\/eis-group.de\/en\/datenschutzerklaerung\/","og_site_name":"DEMGY EIS GmbH","article_modified_time":"2025-01-08T11:32:50+00:00","twitter_card":"summary_large_image","twitter_misc":{"Est. reading time":"5 minutes"},"schema":{"@context":"https:\/\/schema.org","@graph":[{"@type":"WebPage","@id":"https:\/\/eis-group.de\/datenschutzerklaerung","url":"https:\/\/eis-group.de\/datenschutzerklaerung","name":"Datenschutzerkl\u00e4rung - DEMGY EIS GmbH","isPartOf":{"@id":"https:\/\/eis-group.de\/#website"},"datePublished":"2022-04-19T08:22:17+00:00","dateModified":"2025-01-08T11:32:50+00:00","breadcrumb":{"@id":"https:\/\/eis-group.de\/datenschutzerklaerung#breadcrumb"},"inLanguage":"en-US","potentialAction":[{"@type":"ReadAction","target":["https:\/\/eis-group.de\/datenschutzerklaerung"]}]},{"@type":"BreadcrumbList","@id":"https:\/\/eis-group.de\/datenschutzerklaerung#breadcrumb","itemListElement":[{"@type":"ListItem","position":1,"name":"Startseite","item":"https:\/\/eis-group.de\/"},{"@type":"ListItem","position":2,"name":"Datenschutzerkl\u00e4rung"}]},{"@type":"WebSite","@id":"https:\/\/eis-group.de\/#website","url":"https:\/\/eis-group.de\/","name":"DEMGY EIS","description":"Ein Unternehmen der DEMGY Group","publisher":{"@id":"https:\/\/eis-group.de\/#organization"},"potentialAction":[{"@type":"SearchAction","target":{"@type":"EntryPoint","urlTemplate":"https:\/\/eis-group.de\/?s={search_term_string}"},"query-input":{"@type":"PropertyValueSpecification","valueRequired":true,"valueName":"search_term_string"}}],"inLanguage":"en-US"},{"@type":"Organization","@id":"https:\/\/eis-group.de\/#organization","name":"DEMGY EIS","url":"https:\/\/eis-group.de\/","logo":{"@type":"ImageObject","inLanguage":"en-US","@id":"https:\/\/eis-group.de\/#\/schema\/logo\/image\/","url":"https:\/\/eis-group.de\/wp-content\/uploads\/2022\/04\/DEMGY_LOGOTYPE_AVEC-BASELINE-1.png","contentUrl":"https:\/\/eis-group.de\/wp-content\/uploads\/2022\/04\/DEMGY_LOGOTYPE_AVEC-BASELINE-1.png","width":4725,"height":2363,"caption":"DEMGY EIS"},"image":{"@id":"https:\/\/eis-group.de\/#\/schema\/logo\/image\/"}}]}},"_links":{"self":[{"href":"https:\/\/eis-group.de\/en\/wp-json\/wp\/v2\/pages\/232","targetHints":{"allow":["GET"]}}],"collection":[{"href":"https:\/\/eis-group.de\/en\/wp-json\/wp\/v2\/pages"}],"about":[{"href":"https:\/\/eis-group.de\/en\/wp-json\/wp\/v2\/types\/page"}],"author":[{"embeddable":true,"href":"https:\/\/eis-group.de\/en\/wp-json\/wp\/v2\/users\/1"}],"replies":[{"embeddable":true,"href":"https:\/\/eis-group.de\/en\/wp-json\/wp\/v2\/comments?post=232"}],"version-history":[{"count":25,"href":"https:\/\/eis-group.de\/en\/wp-json\/wp\/v2\/pages\/232\/revisions"}],"predecessor-version":[{"id":3415,"href":"https:\/\/eis-group.de\/en\/wp-json\/wp\/v2\/pages\/232\/revisions\/3415"}],"wp:attachment":[{"href":"https:\/\/eis-group.de\/en\/wp-json\/wp\/v2\/media?parent=232"}],"curies":[{"name":"wp","href":"https:\/\/api.w.org\/{rel}","templated":true}]}}